{"id":27,"date":"2016-06-13T15:20:44","date_gmt":"2016-06-13T19:20:44","guid":{"rendered":"http:\/\/tic.cegepat.qc.ca\/formationenligne\/?page_id=27"},"modified":"2017-11-20T15:48:55","modified_gmt":"2017-11-20T20:48:55","slug":"avant-le-debut-du-cours","status":"publish","type":"page","link":"https:\/\/tic.cegepat.qc.ca\/formationenligne\/avant-le-debut-du-cours\/","title":{"rendered":"Avant le d\u00e9but du cours"},"content":{"rendered":"<h1>VIA<\/h1>\n<p>VIA est un environnement Web permettant une communication et une interaction \u00e0 distance. Il vous permettra d\u2019acc\u00e9der \u00e0 vos cours, en temps r\u00e9el, selon l\u2019horaire pr\u00e9\u00e9tabli. Vous pourrez \u00e9couter et voir votre enseignant, participer au cours et \u00e0 des d\u00e9bats, travailler en \u00e9quipe, r\u00e9pondre \u00e0 des sondages et plus\u2026<\/p>\n<h2 style=\"padding-left: 30px;\"><strong><u>Voici les conditions gagnantes\u00a0:<img loading=\"lazy\" decoding=\"async\" class=\"alignright size-thumbnail wp-image-162\" src=\"https:\/\/tic.cegepat.qc.ca\/formationenligne\/files\/2016\/06\/eTeacher-in-front-of-computer-150x150.jpg\" alt=\"\" width=\"150\" height=\"150\" srcset=\"https:\/\/tic.cegepat.qc.ca\/formationenligne\/files\/2016\/06\/eTeacher-in-front-of-computer-150x150.jpg 150w, https:\/\/tic.cegepat.qc.ca\/formationenligne\/files\/2016\/06\/eTeacher-in-front-of-computer-144x144.jpg 144w, https:\/\/tic.cegepat.qc.ca\/formationenligne\/files\/2016\/06\/eTeacher-in-front-of-computer-250x250.jpg 250w, https:\/\/tic.cegepat.qc.ca\/formationenligne\/files\/2016\/06\/eTeacher-in-front-of-computer-174x174.jpg 174w\" sizes=\"auto, (max-width: 150px) 100vw, 150px\" \/><\/u><\/strong><\/h2>\n<ul>\n<li>Avoir un <u>environnement informatique<\/u> ad\u00e9quat (ordinateur ou portable assez r\u00e9cent)<\/li>\n<li>Avoir <u>Internet haute vitesse<\/u> (de pr\u00e9f\u00e9rence \u00eatre branch\u00e9 filaire, <em>\u00e9vitez le WiFi<\/em>)<\/li>\n<li>Avoir un <u>casque d\u2019\u00e9coute avec micro<\/u> (les \u00e9couteurs [avec micro] de votre t\u00e9l\u00e9phone intelligent fonctionnent tr\u00e8s bien).<\/li>\n<li>Avoir une <u>cam\u00e9ra<\/u> (si elle n\u2019est pas int\u00e9gr\u00e9e \u00e0 votre ordinateur).<\/li>\n<\/ul>\n<p><a href=\"https:\/\/cegepat-my.sharepoint.com\/personal\/mariejosee_tondreau_cegepat_qc_ca\/_layouts\/15\/guestaccess.aspx?docid=0c43fb001f509418d812fd891bb70c585&amp;authkey=AZC8zteaxYTuNU_znGADfQE&amp;expiration=2017-11-23T17%3a56%3a13.000Z\"><img loading=\"lazy\" decoding=\"async\" class=\"aligncenter size-medium wp-image-294\" src=\"https:\/\/tic.cegepat.qc.ca\/formationenligne\/files\/2016\/06\/GUIDE-1-300x145.png\" alt=\"\" width=\"300\" height=\"145\" srcset=\"https:\/\/tic.cegepat.qc.ca\/formationenligne\/files\/2016\/06\/GUIDE-1-300x145.png 300w, https:\/\/tic.cegepat.qc.ca\/formationenligne\/files\/2016\/06\/GUIDE-1-768x372.png 768w, https:\/\/tic.cegepat.qc.ca\/formationenligne\/files\/2016\/06\/GUIDE-1-1024x496.png 1024w, https:\/\/tic.cegepat.qc.ca\/formationenligne\/files\/2016\/06\/GUIDE-1.png 1096w\" sizes=\"auto, (max-width: 300px) 100vw, 300px\" \/><\/a><\/p>\n<hr \/>\n<h2><strong><u>Voici ce que vous devez faire<\/u><\/strong><strong>\u00a0<\/strong><strong>AVANT VOTRE TOUT PREMIER COURS<\/strong><\/h2>\n<ol>\n<li>Configuration de VIA\u00a0:<\/li>\n<\/ol>\n<p style=\"padding-left: 60px;\">Vous devez, en premier lieu, faire la configuration de votre casque d\u2019\u00e9coute pour que VIA reconnaisse vos p\u00e9riph\u00e9riques. Voici les \u00e9tapes \u00e0 suivre :<\/p>\n<ul>\n<li>Vous recevrez un courriel de confirmation et de rappel pour la formation. Cliquez sur le lien pour entrer dans votre compte. (Ce lien \u00e9vite d\u2019\u00e9crire vos coordonn\u00e9es)<\/li>\n<li>Suivez le lien <a href=\"https:\/\/tic.cegepat.qc.ca\/formationenligne\/2016\/06\/13\/ma-configuration-via\/\">votre configuration<\/a> pour suivre la d\u00e9marche de configuration.<\/li>\n<li>Vous \u00eates pr\u00eat\u2009!<\/li>\n<\/ul>\n<p>*Vous pouvez consulter le <a href=\"https:\/\/tic.cegepat.qc.ca\/formationenligne\/files\/2016\/06\/Guide-visioconf\u00e9rence-\u00e9tudiant-1.pdf\">Guide visioconf\u00e9rence &#8211; \u00e9tudiant<\/a>\u00a0pour plus d\u2019information sur la plateforme VIA.<\/p>\n<p>*Vous pouvez \u00e9galement consulter les guides MOODLE <span style=\"color: #993300;\"><strong>ou<\/strong><\/span> L\u00c9A \u00a0pour votre premi\u00e8re utilisation (selon les instructions re\u00e7u par courriel par votre enseignant ou CP)<\/p>\n<p>&nbsp;<\/p>\n<h3>Liste de lecture sur Omnivox (L\u00c9A), Novell, MOODLE et Youtube<\/h3>\n<p><iframe loading=\"lazy\" title=\"\u00c9tudiants - Plates-formes p\u00e9dagogiques\" width=\"640\" height=\"360\" src=\"https:\/\/www.youtube.com\/embed\/videoseries?list=PLXjgBRWml-KVJq78szDqYNnfQspJ4aAQB\" frameborder=\"0\" allow=\"accelerometer; autoplay; clipboard-write; encrypted-media; gyroscope; picture-in-picture; web-share\" referrerpolicy=\"strict-origin-when-cross-origin\" allowfullscreen><\/iframe><\/p>\n<p>&nbsp;<\/p>\n<hr \/>\n<h1><span style=\"color: #000000;\"><strong>VID\u00c9OCONF\u00c9RENCE<\/strong><\/span>:<\/h1>\n<ol>\n<li>Entrer pour la premi\u00e8re fois dans MOODLE <span style=\"color: #993300;\"><strong>ou<\/strong><\/span> L\u00c9A (selon les instructions re\u00e7u par courriel)<\/li>\n<\/ol>\n<h3>Liste de lecture sur Omnivox (L\u00c9A), Novell, MOODLE et YouTube<\/h3>\n<p><iframe loading=\"lazy\" title=\"\u00c9tudiants - Plates-formes p\u00e9dagogiques\" width=\"640\" height=\"360\" src=\"https:\/\/www.youtube.com\/embed\/videoseries?list=PLXjgBRWml-KVJq78szDqYNnfQspJ4aAQB\" frameborder=\"0\" allow=\"accelerometer; autoplay; clipboard-write; encrypted-media; gyroscope; picture-in-picture; web-share\" referrerpolicy=\"strict-origin-when-cross-origin\" allowfullscreen><\/iframe><\/p>\n<h4><\/h4>\n<h4><\/h4>\n<h4><strong>Pour les \u00e9tudiants en classe;<\/strong><\/h4>\n<ol>\n<li>vous aurez un <strong>compte Novell, <\/strong>il vous permettra\u00a0d&rsquo;<span style=\"text-decoration: underline;\">imprimer au C\u00e9gep<\/span> (voir votre CP charg\u00e9 de votre programme d&rsquo;\u00e9tudes)<\/li>\n<li>Lire les instructions suivantes pour le <a href=\"https:\/\/tic.cegepat.qc.ca\/formationenligne\/files\/2016\/06\/Guide-vid\u00e9oconf\u00e9rence-\u00e9tudiant2-1.pdf\">Guide vid\u00e9oconf\u00e9rence &#8211; \u00e9tudiant2<\/a><\/li>\n<\/ol>\n<h4><strong>Pour les \u00e9tudiants \u00e0 l&rsquo;ext\u00e9rieur de la classe;<\/strong><\/h4>\n<ol>\n<li>Lire les instructions suivantes pour le <a href=\"https:\/\/tic.cegepat.qc.ca\/formationenligne\/files\/2016\/06\/Guide-vid\u00e9oconf\u00e9rence-\u00e9tudiant2-1.pdf\">Guide vid\u00e9oconf\u00e9rence &#8211; \u00e9tudiant2<\/a><\/li>\n<\/ol>\n<h3>Liste de lecture sur Bridgit et Scopia<\/h3>\n<p><iframe loading=\"lazy\" title=\"Outils vid\u00e9oconf\u00e9rence\" width=\"640\" height=\"360\" src=\"https:\/\/www.youtube.com\/embed\/videoseries?list=PLXjgBRWml-KVRtLE6k_5I5nlxjl9SGT5u\" frameborder=\"0\" allow=\"accelerometer; autoplay; clipboard-write; encrypted-media; gyroscope; picture-in-picture; web-share\" referrerpolicy=\"strict-origin-when-cross-origin\" allowfullscreen><\/iframe><\/p>\n<p>Guide\u00a0l&rsquo;<a href=\"https:\/\/tic.cegepat.qc.ca\/formationenligne\/files\/2016\/06\/Utilisation-de-Bridgit.pdf\">Utilisation de Bridgit<\/a>)<\/p>\n","protected":false},"excerpt":{"rendered":"<p>VIA<br \/>\nVIA est un environnement Web permettant une communication et une interaction \u00e0 distance. Il vous permettra d\u2019acc\u00e9der \u00e0 vos cours, en temps r\u00e9el, selon l\u2019horaire pr\u00e9\u00e9tabli. Vous pourrez \u00e9couter et voir votre enseignant, participer au cours et \u00e0 des d\u00e9bats, travailler en \u00e9quipe, r\u00e9pondre \u00e0 des sondages et plus\u2026<br \/>\nVoici les conditions gagnantes\u00a0:<\/p>\n<p>Avoir un environnement informatique <a href=\"https:\/\/tic.cegepat.qc.ca\/formationenligne\/avant-le-debut-du-cours\/\" rel=\"nofollow\"><span class=\"sr-only\">En savoir plus surAvant le d\u00e9but du cours<\/span>[&hellip;]<\/a><\/p>\n","protected":false},"author":1,"featured_media":0,"parent":0,"menu_order":0,"comment_status":"closed","ping_status":"closed","template":"template-fullwidth.php","meta":{"footnotes":""},"class_list":["post-27","page","type-page","status-publish","hentry"],"_links":{"self":[{"href":"https:\/\/tic.cegepat.qc.ca\/formationenligne\/wp-json\/wp\/v2\/pages\/27","targetHints":{"allow":["GET"]}}],"collection":[{"href":"https:\/\/tic.cegepat.qc.ca\/formationenligne\/wp-json\/wp\/v2\/pages"}],"about":[{"href":"https:\/\/tic.cegepat.qc.ca\/formationenligne\/wp-json\/wp\/v2\/types\/page"}],"author":[{"embeddable":true,"href":"https:\/\/tic.cegepat.qc.ca\/formationenligne\/wp-json\/wp\/v2\/users\/1"}],"replies":[{"embeddable":true,"href":"https:\/\/tic.cegepat.qc.ca\/formationenligne\/wp-json\/wp\/v2\/comments?post=27"}],"version-history":[{"count":37,"href":"https:\/\/tic.cegepat.qc.ca\/formationenligne\/wp-json\/wp\/v2\/pages\/27\/revisions"}],"predecessor-version":[{"id":316,"href":"https:\/\/tic.cegepat.qc.ca\/formationenligne\/wp-json\/wp\/v2\/pages\/27\/revisions\/316"}],"wp:attachment":[{"href":"https:\/\/tic.cegepat.qc.ca\/formationenligne\/wp-json\/wp\/v2\/media?parent=27"}],"curies":[{"name":"wp","href":"https:\/\/api.w.org\/{rel}","templated":true}]}}