{"id":241,"date":"2013-01-28T01:47:28","date_gmt":"2013-01-28T00:47:28","guid":{"rendered":"http:\/\/tic.cegepat.qc.ca\/mireille\/?page_id=241"},"modified":"2015-03-04T03:37:05","modified_gmt":"2015-03-04T02:37:05","slug":"gouvernement-du-canada","status":"publish","type":"page","link":"https:\/\/tic.cegepat.qc.ca\/mireilletts\/gouvernement-du-canada\/","title":{"rendered":"Gouvernement du Canada"},"content":{"rendered":"<table border=\"0\" width=\"800\" cellspacing=\"10\" cellpadding=\"6\">\n<tbody>\n<tr bgcolor=\"#FFFFFF\">\n<td colspan=\"2\" valign=\"middle\" height=\"32\">\n<h3><strong><span style=\"color: #ff0000\">Les minist\u00e8res canadiens<\/span><\/strong><\/h3>\n<p><a href=\"Tous%20les minist\u00e8res et organismes\" target=\"_blank\">Tous les minist\u00e8res et organismes<\/a><\/td>\n<\/tr>\n<tr bgcolor=\"#FFFFFF\">\n<td valign=\"top\" width=\"150\"><a href=\"http:\/\/www.hc-sc.gc.ca\/index-fra.php\" target=\"_blank\">Sant\u00e9 Canada<\/a><\/td>\n<td valign=\"top\" width=\"597\">On y trouve des informations concernant la sant\u00e9 physique, psychologique et les probl\u00e8mes sociaux.<\/td>\n<\/tr>\n<tr bgcolor=\"#FFFFFF\">\n<td valign=\"top\"><a href=\"http:\/\/www.justice.gc.ca\/fra\/index.html\" target=\"_blank\">Minist\u00e8re de la Justice<\/a><\/td>\n<td valign=\"top\"><\/td>\n<\/tr>\n<tr bgcolor=\"#FFFFFF\">\n<td valign=\"top\"><a href=\"http:\/\/www.canada.ca\/fr\/services\/index.html\" target=\"_blank\">Tous les services<\/a><\/td>\n<td valign=\"top\">Acc\u00e8s \u00e0 tous les services du gouvernement du Canada<\/td>\n<\/tr>\n<tr bgcolor=\"#FFFFFF\">\n<td colspan=\"2\" valign=\"top\">\n<hr noshade=\"noshade\" size=\"5\" \/>\n<h3><a id=\"Organismescan\" name=\"Organismescan\"><\/a><strong><span style=\"color: #ff0000\">Organismes conseils du gouvernement du\u00a0Canada<\/span><\/strong><\/h3>\n<\/td>\n<\/tr>\n<tr bgcolor=\"#FFFFFF\">\n<td valign=\"top\"><a href=\"http:\/\/www.ccsd.ca\/francais\/\" target=\"_blank\">Conseil\u00a0canadien de d\u00e9veloppement social<\/a><\/td>\n<td valign=\"top\">Organisme\u00a0en faveur d&rsquo;une meilleure s\u00e9curit\u00e9 sociale et \u00e9conomique au\u00a0Canada.<\/td>\n<\/tr>\n<tr bgcolor=\"#FFFFFF\">\n<td valign=\"top\"><a href=\"http:\/\/www.cwlc.ca\/fr\/publication\/le-conseil-national-du-bien-%C3%AAtre\" target=\"_blank\">Conseil\u00a0national du bien-\u00eatre social<\/a><\/td>\n<td valign=\"top\">\n<p align=\"justify\">\u00c0 voir! Des donn\u00e9es sur la pauvret\u00e9 au Canada, l&rsquo;assistance publique. Une r\u00e9alit\u00e9\u00a0peu \u00e9difiante qu&rsquo;il faut savoir.<\/p>\n<\/td>\n<\/tr>\n<tr bgcolor=\"#FFFFFF\">\n<td valign=\"top\"><a style=\"color: #7834bc\" href=\"http:\/\/www.conseildesaines.gc.ca\/fra\/accueil.shtml\" rel=\"external\">Conseil national des a\u00een\u00e9s<\/a><\/td>\n<td valign=\"top\">Organisme conseil du gouvernement du Canada sur toutes les questions li\u00e9es au bien-\u00eatre et \u00e0 la qualit\u00e9 de vie des a\u00een\u00e9s.<\/td>\n<\/tr>\n<tr bgcolor=\"#FFFFFF\">\n<td valign=\"top\"><a href=\"http:\/\/www.oag-http:\/\/www.oag-bvg.gc.ca\/internet\/Francais\/admin_f_41.html\" target=\"_blank\">V\u00e9rificateur g\u00e9n\u00e9ral<\/a>\u00a0du Canada<\/td>\n<td valign=\"top\">\n<p align=\"justify\">Toutes sortes d&rsquo;histoires souvent pas dr\u00f4les sur les d\u00e9penses du gouvernement canadien . au moins on sait o\u00f9 vont les taxes et imp\u00f4ts et &#8230; pas toujours chez ceux qui en ont besoin!<\/p>\n<\/td>\n<\/tr>\n<tr bgcolor=\"#FFFFFF\">\n<td colspan=\"2\" valign=\"top\">\n<hr noshade=\"noshade\" size=\"5\" \/>\n<h3><a name=\"AutrespagesCan\"><\/a><strong><span style=\"color: #ff0000\">Autres pages int\u00e9ressantes au Gouvernement du\u00a0Canada<\/span><\/strong><\/h3>\n<\/td>\n<\/tr>\n<tr bgcolor=\"#FFFFFF\">\n<td valign=\"top\" height=\"79\"><a href=\"http:\/\/www.canada.ca\/fr\/gouv\/politique\/index.html\" target=\"_blank\">Politiques, lois et r\u00e8glements<\/a><\/td>\n<td valign=\"top\"><\/td>\n<\/tr>\n<tr bgcolor=\"#FFFFFF\">\n<td valign=\"top\"><\/td>\n<td valign=\"top\"><\/td>\n<\/tr>\n<\/tbody>\n<\/table>\n<p style=\"text-align: right\"><a href=\"https:\/\/tic.cegepat.qc.ca\/mireilletts\/files\/2013\/01\/Le_coin_petit.gif\"><img loading=\"lazy\" decoding=\"async\" class=\"alignnone size-full wp-image-62\" src=\"https:\/\/tic.cegepat.qc.ca\/mireilletts\/files\/2013\/01\/Le_coin_petit.gif\" alt=\"Le_coin_petit\" width=\"158\" height=\"39\" \/><\/a><\/p>\n","protected":false},"excerpt":{"rendered":"<p>Les minist\u00e8res canadiens<br \/>\nTous les minist\u00e8res et organismes<\/p>\n<p>Sant\u00e9 Canada<br \/>\nOn y trouve des informations concernant la sant\u00e9 physique, psychologique et les probl\u00e8mes sociaux.<\/p>\n<p>Minist\u00e8re de la Justice<\/p>\n<p>Tous les services<br \/>\nAcc\u00e8s \u00e0 tous les services du gouvernement du Canada<\/p>\n<p>Organismes conseils du gouvernement du\u00a0Canada<\/p>\n<p>Conseil\u00a0canadien de d\u00e9veloppement &hellip; <a href=\"https:\/\/tic.cegepat.qc.ca\/mireilletts\/gouvernement-du-canada\/\">Continuer la lecture <span class=\"meta-nav\">&rarr;<\/span><\/a><\/p>\n","protected":false},"author":9,"featured_media":0,"parent":0,"menu_order":3,"comment_status":"closed","ping_status":"closed","template":"","meta":{"footnotes":""},"class_list":["post-241","page","type-page","status-publish","hentry"],"_links":{"self":[{"href":"https:\/\/tic.cegepat.qc.ca\/mireilletts\/wp-json\/wp\/v2\/pages\/241","targetHints":{"allow":["GET"]}}],"collection":[{"href":"https:\/\/tic.cegepat.qc.ca\/mireilletts\/wp-json\/wp\/v2\/pages"}],"about":[{"href":"https:\/\/tic.cegepat.qc.ca\/mireilletts\/wp-json\/wp\/v2\/types\/page"}],"author":[{"embeddable":true,"href":"https:\/\/tic.cegepat.qc.ca\/mireilletts\/wp-json\/wp\/v2\/users\/9"}],"replies":[{"embeddable":true,"href":"https:\/\/tic.cegepat.qc.ca\/mireilletts\/wp-json\/wp\/v2\/comments?post=241"}],"version-history":[{"count":12,"href":"https:\/\/tic.cegepat.qc.ca\/mireilletts\/wp-json\/wp\/v2\/pages\/241\/revisions"}],"predecessor-version":[{"id":787,"href":"https:\/\/tic.cegepat.qc.ca\/mireilletts\/wp-json\/wp\/v2\/pages\/241\/revisions\/787"}],"wp:attachment":[{"href":"https:\/\/tic.cegepat.qc.ca\/mireilletts\/wp-json\/wp\/v2\/media?parent=241"}],"curies":[{"name":"wp","href":"https:\/\/api.w.org\/{rel}","templated":true}]}}