{"id":733,"date":"2015-02-26T17:46:13","date_gmt":"2015-02-26T16:46:13","guid":{"rendered":"http:\/\/tic.cegepat.qc.ca\/mireilletts\/?page_id=733"},"modified":"2015-03-04T03:36:29","modified_gmt":"2015-03-04T02:36:29","slug":"outils-de-recherche-utiles","status":"publish","type":"page","link":"https:\/\/tic.cegepat.qc.ca\/mireilletts\/outils-de-recherche-utiles\/","title":{"rendered":"Outils de recherche utiles"},"content":{"rendered":"<table style=\"font-size: 12px\" border=\"0\" width=\"800\" cellspacing=\"10\" cellpadding=\"6\">\n<tbody>\n<tr valign=\"middle\" bgcolor=\"#FFFFFF\">\n<td class=\"Style3NomsSites\" style=\"font-weight: bold;color: #0066ff\" height=\"75\"><img loading=\"lazy\" decoding=\"async\" class=\"alignnone wp-image-734\" src=\"https:\/\/tic.cegepat.qc.ca\/mireilletts\/files\/2015\/02\/Erudit-300x165.gif\" alt=\"Erudit\" width=\"97\" height=\"53\" \/><\/td>\n<td class=\"Style2descrip\" style=\"font-weight: bold\" height=\"75\">\n<h4 class=\"Style2descrip\" align=\"justify\">Pour la recherche dans plusieurs revues scientifiques qu\u00e9b\u00e9coises. On y trouve des articles en version int\u00e9grale, des m\u00e9moires et th\u00e8ses sur divers sujets dont les probl\u00e8mes sociaux et les conditions de vie. Mais attention, tout n&rsquo;est pas en version int\u00e9grale; il faut donc malgr\u00e9 tout penser \u00e0 utiliser\u00a0<a href=\"http:\/\/proxy.cegepat.qc.ca:8080\/cgi-bin\/identification.cgi?url=http:\/\/repere2.sdm.qc.ca\/\" target=\"_blank\">Rep\u00e8re<\/a>&#8230;<\/h4>\n<\/td>\n<\/tr>\n<\/tbody>\n<\/table>\n<p>&nbsp;<\/p>\n<table border=\"0\" width=\"800\" cellspacing=\"10\" cellpadding=\"6\">\n<tbody>\n<tr valign=\"middle\" bgcolor=\"#FFFFFF\">\n<td class=\"Style3NomsSites\" style=\"font-weight: bold;color: #0066ff\" height=\"75\"><span class=\"Style3NomsSites\" style=\"color: #0066ff\"><span style=\"font-family: 'Comic Sans MS';font-size: xx-small\"><img loading=\"lazy\" decoding=\"async\" class=\"alignnone wp-image-739\" src=\"https:\/\/tic.cegepat.qc.ca\/mireilletts\/files\/2015\/02\/Capture-d\u2019\u00e9cran-2015-02-28-\u00e0-15.00.47.png\" alt=\"Capture d\u2019\u00e9cran 2015-02-28 \u00e0 15.00.47\" width=\"142\" height=\"43\" \/><\/span><\/span><\/td>\n<td class=\"Style2descrip\" style=\"font-weight: bold\" height=\"75\">\n<h5 class=\"Style2descrip\" style=\"text-align: left\" align=\"justify\">Le catalogue de la Biblioth\u00e8que C\u00e9gep AT<\/h5>\n<\/td>\n<\/tr>\n<\/tbody>\n<\/table>\n<h5 style=\"padding-left: 60px\"><strong><a href=\"http:\/\/biblio.uqat.ca\/archives\/\" target=\"_blank\">Archives de presse r\u00e9gionale<\/a>\u00a0Pour trouver des articles de journaux r\u00e9gionaux<\/strong><\/h5>\n<h5 style=\"padding-left: 60px\"><strong><a href=\"http:\/\/proxy.cegepat.qc.ca:8080\/cgi-bin\/identification.cgi?url=http:\/\/www.biblio.eureka.cc\/ip\/intro.asp?user=uqat1\" target=\"_blank\">Eur\u00e9ka<\/a>\u00a0Pour trouver des articles de presse qu\u00e9b\u00e9coise<\/strong><\/h5>\n<h5 style=\"padding-left: 30px\"><\/h5>\n<table border=\"0\" width=\"800\" cellspacing=\"10\" cellpadding=\"6\">\n<tbody>\n<tr valign=\"middle\" bgcolor=\"#FFFFFF\">\n<td class=\"Style3NomsSites\" style=\"font-weight: bold;color: #0066ff\" height=\"75\"><img loading=\"lazy\" decoding=\"async\" class=\"alignnone  wp-image-743\" src=\"https:\/\/tic.cegepat.qc.ca\/mireilletts\/files\/2015\/02\/Capture-d\u2019\u00e9cran-2015-02-28-\u00e0-17.16.13-300x67.png\" alt=\"Capture d\u2019\u00e9cran 2015-02-28 \u00e0 17.16.13\" width=\"138\" height=\"31\" srcset=\"https:\/\/tic.cegepat.qc.ca\/mireilletts\/files\/2015\/02\/Capture-d\u2019\u00e9cran-2015-02-28-\u00e0-17.16.13-300x67.png 300w, https:\/\/tic.cegepat.qc.ca\/mireilletts\/files\/2015\/02\/Capture-d\u2019\u00e9cran-2015-02-28-\u00e0-17.16.13.png 336w\" sizes=\"auto, (max-width: 138px) 100vw, 138px\" \/><\/td>\n<td class=\"Style2descrip\" style=\"font-weight: bold\" height=\"75\">\n<h5 class=\"Style2descrip\" align=\"justify\">Une adresse incontournable pour obtenir des informations sp\u00e9cifiques \u00e0 l&rsquo;Abitibi-T\u00e9miscamingue et ce, sur toutes sortes de sujets (portraits de probl\u00e8me sociaux r\u00e9gionaux, de groupes de populations, de r\u00e9alit\u00e9s r\u00e9gionales, etc.)<\/h5>\n<\/td>\n<\/tr>\n<\/tbody>\n<\/table>\n<table border=\"0\" width=\"800\" cellspacing=\"10\" cellpadding=\"6\">\n<tbody>\n<tr valign=\"middle\" bgcolor=\"#FFFFFF\">\n<td class=\"Style3NomsSites\" style=\"font-weight: bold;color: #0066ff\" height=\"75\"><span class=\"Style3NomsSites\" style=\"color: #0066ff\"><span style=\"font-family: 'Comic Sans MS';font-size: xx-small\"><img loading=\"lazy\" decoding=\"async\" src=\"http:\/\/cegepat.qc.ca\/mireilletts\/Le_CarnetAdressesTS\/LogosImages\/logo_188_91px.gif\" alt=\"\" width=\"133\" height=\"46\" border=\"0\" \/><\/span><\/span><\/td>\n<td class=\"Style2descrip\" style=\"font-weight: bold\" height=\"75\">\n<h5 class=\"Style2descrip\" align=\"justify\">Le grand dictionnaire terminologique de l&rsquo;Office de la Langue fran\u00e7aise du Qu\u00e9bec, on y retrouve tout plein de d\u00e9finitions de termes et m\u00eames de concepts. Indispensable.<\/h5>\n<\/td>\n<\/tr>\n<\/tbody>\n<\/table>\n<h5><\/h5>\n","protected":false},"excerpt":{"rendered":"<p>Pour la recherche dans plusieurs revues scientifiques qu\u00e9b\u00e9coises. On y trouve des articles en version int\u00e9grale, des m\u00e9moires et th\u00e8ses sur divers sujets dont les probl\u00e8mes sociaux et les conditions de vie. Mais attention, tout n&rsquo;est pas en version int\u00e9grale; &hellip; <a href=\"https:\/\/tic.cegepat.qc.ca\/mireilletts\/outils-de-recherche-utiles\/\">Continuer la lecture <span class=\"meta-nav\">&rarr;<\/span><\/a><\/p>\n","protected":false},"author":9,"featured_media":0,"parent":0,"menu_order":1,"comment_status":"closed","ping_status":"closed","template":"","meta":{"footnotes":""},"class_list":["post-733","page","type-page","status-publish","hentry"],"_links":{"self":[{"href":"https:\/\/tic.cegepat.qc.ca\/mireilletts\/wp-json\/wp\/v2\/pages\/733","targetHints":{"allow":["GET"]}}],"collection":[{"href":"https:\/\/tic.cegepat.qc.ca\/mireilletts\/wp-json\/wp\/v2\/pages"}],"about":[{"href":"https:\/\/tic.cegepat.qc.ca\/mireilletts\/wp-json\/wp\/v2\/types\/page"}],"author":[{"embeddable":true,"href":"https:\/\/tic.cegepat.qc.ca\/mireilletts\/wp-json\/wp\/v2\/users\/9"}],"replies":[{"embeddable":true,"href":"https:\/\/tic.cegepat.qc.ca\/mireilletts\/wp-json\/wp\/v2\/comments?post=733"}],"version-history":[{"count":17,"href":"https:\/\/tic.cegepat.qc.ca\/mireilletts\/wp-json\/wp\/v2\/pages\/733\/revisions"}],"predecessor-version":[{"id":755,"href":"https:\/\/tic.cegepat.qc.ca\/mireilletts\/wp-json\/wp\/v2\/pages\/733\/revisions\/755"}],"wp:attachment":[{"href":"https:\/\/tic.cegepat.qc.ca\/mireilletts\/wp-json\/wp\/v2\/media?parent=733"}],"curies":[{"name":"wp","href":"https:\/\/api.w.org\/{rel}","templated":true}]}}