{"id":783,"date":"2015-03-04T03:17:35","date_gmt":"2015-03-04T02:17:35","guid":{"rendered":"http:\/\/tic.cegepat.qc.ca\/mireilletts\/?page_id=783"},"modified":"2015-03-04T03:36:06","modified_gmt":"2015-03-04T02:36:06","slug":"conditions-de-vie","status":"publish","type":"page","link":"https:\/\/tic.cegepat.qc.ca\/mireilletts\/conditions-de-vie\/","title":{"rendered":"Conditions de vie"},"content":{"rendered":"<h2><strong style=\"color: #336666\">Conditions de vie<\/strong><\/h2>\n<p>Voici quelques adresses portant sur les conditions de vie. Souvent, elles contiennent non seulement des renseignements pertinents, mais aussi des liens pouvant mener \u00e0 d\u2019autres sites ou pages\u00a0utiles.<\/p>\n<h3><strong><span style=\"color: #3366ff\">Conditions de vie au Qu\u00e9bec<\/span><\/strong><\/h3>\n<p><a href=\"http:\/\/www.msss.gouv.qc.ca\/statistiques\/sante-bien-etre\/index.php?caracteristiques-et-conditions-de-vie\" target=\"_blank\">Statistiques de sant\u00e9 et de bien \u00eatre selon le sexe<\/a><\/p>\n<p><a href=\"http:\/\/www.stat.gouv.qc.ca\/statistiques\/conditions-vie-societe\/index.html\" target=\"_blank\"><span style=\"color: #0b4e7f\">Conditions de vie et soci\u00e9t\u00e9<\/span><\/a><\/p>\n<p><a href=\"http:\/\/www.stat.gouv.qc.ca\/statistiques\/conditions-vie-societe\/portrait-social2010.pdf\" target=\"_blank\">Portrait social du Qu\u00e9bec <\/a>&#8211; 2010\u00a0(document pdf)<\/p>\n<p><a href=\"Enqu\u00eate%20sur les conditions de vie des \u00e9tudiants\" target=\"_blank\">Enqu\u00eate sur les conditions de vie des \u00e9tudiants<\/a><\/p>\n<p>&nbsp;<\/p>\n<p><strong><span style=\"color: #3366ff\">Conditions de vie des communaut\u00e9s autochtones<\/span><\/strong><\/p>\n<p><a href=\"http:\/\/www.cssspnql.com\/docs\/centre-de-documentation\/conditionsdeviedesaines_condensefr.pdf?sfvrsn=2\" target=\"_blank\">Les conditions de vie des a\u00een\u00e9s des Premi\u00e8res Nations du Qu\u00e9bec<\/a>\u00a0(document pdf)<\/p>\n","protected":false},"excerpt":{"rendered":"<p>Conditions de vie<br \/>\nVoici quelques adresses portant sur les conditions de vie. Souvent, elles contiennent non seulement des renseignements pertinents, mais aussi des liens pouvant mener \u00e0 d\u2019autres sites ou pages\u00a0utiles.<br \/>\nConditions de vie au Qu\u00e9bec<br \/>\nStatistiques de sant\u00e9 et de bien \u00eatre &hellip; <a href=\"https:\/\/tic.cegepat.qc.ca\/mireilletts\/conditions-de-vie\/\">Continuer la lecture <span class=\"meta-nav\">&rarr;<\/span><\/a><\/p>\n","protected":false},"author":9,"featured_media":0,"parent":0,"menu_order":4,"comment_status":"closed","ping_status":"closed","template":"","meta":{"footnotes":""},"class_list":["post-783","page","type-page","status-publish","hentry"],"_links":{"self":[{"href":"https:\/\/tic.cegepat.qc.ca\/mireilletts\/wp-json\/wp\/v2\/pages\/783","targetHints":{"allow":["GET"]}}],"collection":[{"href":"https:\/\/tic.cegepat.qc.ca\/mireilletts\/wp-json\/wp\/v2\/pages"}],"about":[{"href":"https:\/\/tic.cegepat.qc.ca\/mireilletts\/wp-json\/wp\/v2\/types\/page"}],"author":[{"embeddable":true,"href":"https:\/\/tic.cegepat.qc.ca\/mireilletts\/wp-json\/wp\/v2\/users\/9"}],"replies":[{"embeddable":true,"href":"https:\/\/tic.cegepat.qc.ca\/mireilletts\/wp-json\/wp\/v2\/comments?post=783"}],"version-history":[{"count":3,"href":"https:\/\/tic.cegepat.qc.ca\/mireilletts\/wp-json\/wp\/v2\/pages\/783\/revisions"}],"predecessor-version":[{"id":786,"href":"https:\/\/tic.cegepat.qc.ca\/mireilletts\/wp-json\/wp\/v2\/pages\/783\/revisions\/786"}],"wp:attachment":[{"href":"https:\/\/tic.cegepat.qc.ca\/mireilletts\/wp-json\/wp\/v2\/media?parent=783"}],"curies":[{"name":"wp","href":"https:\/\/api.w.org\/{rel}","templated":true}]}}