{"id":8,"date":"2013-01-19T02:45:16","date_gmt":"2013-01-19T01:45:16","guid":{"rendered":"http:\/\/tic.cegepat.qc.ca\/mireille\/?page_id=8"},"modified":"2024-04-28T03:11:12","modified_gmt":"2024-04-28T02:11:12","slug":"accueil","status":"publish","type":"page","link":"https:\/\/tic.cegepat.qc.ca\/mireilletts\/","title":{"rendered":"Accueil"},"content":{"rendered":"<h6 style=\"text-align: left\"><\/h6>\n<p><img loading=\"lazy\" decoding=\"async\" class=\"\" style=\"font-size: 12px\" src=\"https:\/\/gmfu.ca\/wp-content\/themes\/gmf\/images\/logo-gmf-u.svg\" width=\"62\" height=\"26\" \/> \u00a0\u00a0 \u00a0\u00a0 \u00a0\u00a0<a href=\"https:\/\/www.cegepat.qc.ca\/\"><img loading=\"lazy\" decoding=\"async\" class=\"\" src=\"https:\/\/www.cegepat.qc.ca\/wp-content\/themes\/cegep\/v2-assets\/img\/CEGEP-Logo-1.jpg\" alt=\"Canvas Logo\" width=\"123\" height=\"37\" \/><\/a><\/p>\n<h6 style=\"text-align: center\"><strong>IMPORTANT (avril 2024): ce site est en train de faire peau neuve&#8230; D\u00e9sol\u00e9e si certains liens sont d\u00e9suets (ils seront remplac\u00e9s ou r\u00e9actualis\u00e9s sous peu)\u00a0 et\/ou que certaines pages ont disparues.<\/strong><\/h6>\n<h6 style=\"text-align: left\"><strong><span style=\"color: #008080\">Aucun probl\u00e8me pour imprimer et diffuser les documents et outils d\u00e9pos\u00e9s sur ce site si leur source est indiqu\u00e9e clairement. Les concernant, certains ont \u00e9t\u00e9 construits au fil de mon travail d&rsquo;enseignante, d&rsquo;autres sont r\u00e9cents ou mis \u00e0 jour simplement selon mes int\u00e9r\u00eats actuels li\u00e9es \u00e0 l&rsquo;intervention\u00a0 sociale et la relation d&rsquo;aide.<\/span><\/strong><\/h6>\n<pre><strong>       \r\n<span style=\"color: #ff0000\">Merci tout plein de laisser vos <a style=\"color: #ff0000\" href=\"https:\/\/tic.cegepat.qc.ca\/mireilletts\/livre-dor\/\">commentaires<\/a>, c'est  appr\u00e9ci\u00e9... <\/span><\/strong><\/pre>\n<h6><\/h6>\n<h6 style=\"text-align: left\">_________________________<\/h6>\n<h6><\/h6>\n<p><!-- \/* Font Definitions *\/ @font-face {font-family:Times; panose-1:2 0 5 0 0 0 0 0 0 0; mso-font-charset:0; mso-generic-font-family:auto; mso-font-pitch:variable; mso-font-signature:3 0 0 0 1 0;} @font-face {font-family:\"\uff2d\uff33 \u660e\u671d\"; panose-1:0 0 0 0 0 0 0 0 0 0; mso-font-charset:128; mso-generic-font-family:roman; mso-font-format:other; mso-font-pitch:fixed; mso-font-signature:1 134676480 16 0 131072 0;} @font-face {font-family:\"Cambria Math\"; panose-1:2 4 5 3 5 4 6 3 2 4; mso-font-charset:0; mso-generic-font-family:auto; mso-font-pitch:variable; mso-font-signature:3 0 0 0 1 0;} @font-face {font-family:Cambria; panose-1:2 4 5 3 5 4 6 3 2 4; mso-font-charset:0; mso-generic-font-family:auto; mso-font-pitch:variable; mso-font-signature:3 0 0 0 1 0;} @font-face {font-family:\"Monotype Corsiva\"; panose-1:3 1 1 1 1 2 1 1 1 1; mso-font-charset:0; mso-generic-font-family:auto; mso-font-pitch:variable; mso-font-signature:3 0 0 0 1 0;} \/* Style Definitions *\/ p.MsoNormal, li.MsoNormal, div.MsoNormal {mso-style-unhide:no; mso-style-qformat:yes; mso-style-parent:\"\"; margin:0cm; margin-bottom:.0001pt; mso-pagination:widow-orphan; font-size:12.0pt; font-family:Cambria; mso-ascii-font-family:Cambria; mso-ascii-theme-font:minor-latin; mso-fareast-font-family:\"\uff2d\uff33 \u660e\u671d\"; mso-fareast-theme-font:minor-fareast; mso-hansi-font-family:Cambria; mso-hansi-theme-font:minor-latin; mso-bidi-font-family:\"Times New Roman\"; mso-bidi-theme-font:minor-bidi; mso-ansi-language:FR;} a:link, span.MsoHyperlink {mso-style-noshow:yes; mso-style-priority:99; color:blue; text-decoration:underline; text-underline:single;} a:visited, span.MsoHyperlinkFollowed {mso-style-noshow:yes; mso-style-priority:99; color:purple; mso-themecolor:followedhyperlink; text-decoration:underline; text-underline:single;} p.style9, li.style9, div.style9 {mso-style-name:style9; mso-style-unhide:no; mso-margin-top-alt:auto; margin-right:0cm; mso-margin-bottom-alt:auto; margin-left:0cm; mso-pagination:widow-orphan; font-size:10.0pt; font-family:Times; mso-fareast-font-family:\"\uff2d\uff33 \u660e\u671d\"; mso-fareast-theme-font:minor-fareast; mso-bidi-font-family:\"Times New Roman\"; mso-bidi-theme-font:minor-bidi;} span.style10 {mso-style-name:style10; mso-style-unhide:no;} .MsoChpDefault {mso-style-type:export-only; mso-default-props:yes; font-family:Cambria; mso-ascii-font-family:Cambria; mso-ascii-theme-font:minor-latin; mso-fareast-font-family:\"\uff2d\uff33 \u660e\u671d\"; mso-fareast-theme-font:minor-fareast; mso-hansi-font-family:Cambria; mso-hansi-theme-font:minor-latin; mso-bidi-font-family:\"Times New Roman\"; mso-bidi-theme-font:minor-bidi; mso-ansi-language:FR;} @page WordSection1 {size:612.0pt 792.0pt; margin:70.85pt 70.85pt 70.85pt 70.85pt; mso-header-margin:36.0pt; mso-footer-margin:36.0pt; mso-paper-source:0;} div.WordSection1 {page:WordSection1;} --><\/p>\n<p style=\"text-align: right\" align=\"justify\"><a href=\"https:\/\/tic.cegepat.qc.ca\/mireilletts\/files\/2013\/01\/Le_coin_petit.gif\"><img loading=\"lazy\" decoding=\"async\" class=\"alignnone size-full wp-image-62\" src=\"https:\/\/tic.cegepat.qc.ca\/mireilletts\/files\/2013\/01\/Le_coin_petit.gif\" alt=\"Le_coin_petit\" width=\"158\" height=\"39\" \/><\/a><\/p>\n","protected":false},"excerpt":{"rendered":"<p> \u00a0\u00a0 \u00a0\u00a0 \u00a0\u00a0<br \/>\nIMPORTANT (avril 2024): ce site est en train de faire peau neuve&#8230; D\u00e9sol\u00e9e si certains liens sont d\u00e9suets (ils seront remplac\u00e9s ou r\u00e9actualis\u00e9s sous peu)\u00a0 et\/ou que certaines pages ont disparues.<br \/>\nAucun probl\u00e8me pour imprimer et diffuser les &hellip; <a href=\"https:\/\/tic.cegepat.qc.ca\/mireilletts\/\">Continuer la lecture <span class=\"meta-nav\">&rarr;<\/span><\/a><\/p>\n","protected":false},"author":9,"featured_media":0,"parent":0,"menu_order":1,"comment_status":"closed","ping_status":"closed","template":"","meta":{"footnotes":""},"class_list":["post-8","page","type-page","status-publish","hentry"],"_links":{"self":[{"href":"https:\/\/tic.cegepat.qc.ca\/mireilletts\/wp-json\/wp\/v2\/pages\/8","targetHints":{"allow":["GET"]}}],"collection":[{"href":"https:\/\/tic.cegepat.qc.ca\/mireilletts\/wp-json\/wp\/v2\/pages"}],"about":[{"href":"https:\/\/tic.cegepat.qc.ca\/mireilletts\/wp-json\/wp\/v2\/types\/page"}],"author":[{"embeddable":true,"href":"https:\/\/tic.cegepat.qc.ca\/mireilletts\/wp-json\/wp\/v2\/users\/9"}],"replies":[{"embeddable":true,"href":"https:\/\/tic.cegepat.qc.ca\/mireilletts\/wp-json\/wp\/v2\/comments?post=8"}],"version-history":[{"count":58,"href":"https:\/\/tic.cegepat.qc.ca\/mireilletts\/wp-json\/wp\/v2\/pages\/8\/revisions"}],"predecessor-version":[{"id":921,"href":"https:\/\/tic.cegepat.qc.ca\/mireilletts\/wp-json\/wp\/v2\/pages\/8\/revisions\/921"}],"wp:attachment":[{"href":"https:\/\/tic.cegepat.qc.ca\/mireilletts\/wp-json\/wp\/v2\/media?parent=8"}],"curies":[{"name":"wp","href":"https:\/\/api.w.org\/{rel}","templated":true}]}}