{"id":91,"date":"2013-01-26T22:09:06","date_gmt":"2013-01-26T21:09:06","guid":{"rendered":"http:\/\/tic.cegepat.qc.ca\/mireille\/?page_id=91"},"modified":"2015-10-15T03:36:18","modified_gmt":"2015-10-15T02:36:18","slug":"outils-de-travail-en-equipe","status":"publish","type":"page","link":"https:\/\/tic.cegepat.qc.ca\/mireilletts\/la-boite-a-outils\/outils-de-travail-en-equipe\/","title":{"rendered":"Outils de travail en \u00e9quipe"},"content":{"rendered":"<p><a href=\"https:\/\/tic.cegepat.qc.ca\/mireilletts\/files\/2013\/01\/punaiserouge.jpeg\"><img loading=\"lazy\" decoding=\"async\" class=\"alignnone  wp-image-797\" src=\"https:\/\/tic.cegepat.qc.ca\/mireilletts\/files\/2013\/01\/punaiserouge.jpeg\" alt=\"punaiserouge\" width=\"22\" height=\"22\" \/><\/a><strong>L&rsquo;ordre du jour et le compte-rendu de r\u00e9union<\/strong><\/p>\n<ul>\n<li><a href=\"https:\/\/tic.cegepat.qc.ca\/mireilletts\/files\/2013\/01\/Guide-ordre-du-jour-et-PV_2013.pdf\">Guide de r\u00e9daction d&rsquo;un ordre du jour et un PV_2013<\/a>\u00a0 <b>(pdf) &#8211; r\u00e9vis\u00e9 en sept. 2013 <\/b><\/li>\n<\/ul>\n<ul>\n<ul>\n<li><a href=\"https:\/\/tic.cegepat.qc.ca\/mireilletts\/files\/2013\/01\/Ex1_OJ_PV.pdf\">Exemple 1<\/a>\u00a0d&rsquo;un ordre du jour et d&rsquo;un compte rendu <b> (pdf)<\/b> <b>&#8211; octobre 2012<\/b>\n<ul>\n<li><strong>Il s&rsquo;agit d&rsquo;une rencontre o\u00f9 diff\u00e9rentes situations se pr\u00e9sentent \u00e0 l&rsquo;\u00e9quipe<\/strong><\/li>\n<\/ul>\n<\/li>\n<li><a href=\"https:\/\/tic.cegepat.qc.ca\/mireilletts\/files\/2013\/01\/Ex2_OJ_PV.pdf\">Exemple 2<\/a>\u00a0d&rsquo;un ordre du jour et d&rsquo;un compte rendu <b> (pdf)<\/b> <b>&#8211; octobre 2012<\/b>\n<ul>\n<li><strong>Il s&rsquo;agit d&rsquo;une rencontre plus calme o\u00f9 l&rsquo;ordre du jour a \u00e9t\u00e9 suivi \u00e0 la lettre et o\u00f9 il n&rsquo;y a pas vraiment de probl\u00e8me d&rsquo;\u00e9quipe<\/strong><\/li>\n<\/ul>\n<\/li>\n<\/ul>\n<\/ul>\n<p><a href=\"https:\/\/tic.cegepat.qc.ca\/mireilletts\/files\/2013\/01\/punaiserouge.jpeg\"><img loading=\"lazy\" decoding=\"async\" class=\"alignnone  wp-image-797\" src=\"https:\/\/tic.cegepat.qc.ca\/mireilletts\/files\/2013\/01\/punaiserouge.jpeg\" alt=\"punaiserouge\" width=\"22\" height=\"22\" \/><\/a>\u00a0<a href=\"https:\/\/tic.cegepat.qc.ca\/mireilletts\/files\/2013\/01\/Aide-m\u00e9moire-pr-base-trav.pdf\"><strong>Une \u00e9quipe de travail<\/strong><b>?<\/b><\/a><b>: Jamais sans base de travail <\/b> (pdf) &#8211; R\u00e9vis\u00e9 sept. 2015)<\/p>\n<p style=\"padding-left: 30px\"><strong>Aide m\u00e9moire pour d\u00e9velopper une base de travail en \u00e9quipe (r\u00e8gles de fonctionnement, de r\u00e9solution de probl\u00e8mes&#8230;<\/strong><\/p>\n<p><strong><a href=\"https:\/\/tic.cegepat.qc.ca\/mireilletts\/files\/2013\/01\/punaiserouge.jpeg\"><img loading=\"lazy\" decoding=\"async\" class=\"alignnone  wp-image-797\" src=\"https:\/\/tic.cegepat.qc.ca\/mireilletts\/files\/2013\/01\/punaiserouge.jpeg\" alt=\"punaiserouge\" width=\"22\" height=\"22\" \/><\/a><\/strong><strong><a href=\"https:\/\/tic.cegepat.qc.ca\/mireilletts\/files\/2013\/01\/R\u00e9fl.-pers.-strav.-d\u00e9quipeV3.doc\">R\u00e9flexion personnelle<\/a>\u00a0sur le travail en \u00e9quipe<\/strong><\/p>\n<p><strong><a href=\"https:\/\/tic.cegepat.qc.ca\/mireilletts\/files\/2013\/01\/punaiserouge.jpeg\"><img loading=\"lazy\" decoding=\"async\" class=\"alignnone  wp-image-797\" src=\"https:\/\/tic.cegepat.qc.ca\/mireilletts\/files\/2013\/01\/punaiserouge.jpeg\" alt=\"punaiserouge\" width=\"22\" height=\"22\" \/><\/a><a href=\"https:\/\/tic.cegepat.qc.ca\/mireilletts\/files\/2013\/01\/Eval_trav_equip.pdf\">\u00c9valuation p\u00e9riodique<\/a><\/strong><strong>\u00a0d&rsquo;un travail d&rsquo;\u00e9quipe (pdf)<\/strong><\/p>\n<p><strong><a href=\"https:\/\/tic.cegepat.qc.ca\/mireilletts\/files\/2013\/01\/punaiserouge.jpeg\"><img loading=\"lazy\" decoding=\"async\" class=\"alignnone  wp-image-797\" src=\"https:\/\/tic.cegepat.qc.ca\/mireilletts\/files\/2013\/01\/punaiserouge.jpeg\" alt=\"punaiserouge\" width=\"22\" height=\"22\" \/><\/a><\/strong>\u00a0<strong>Des adresses \u00e0 consulter<\/strong><\/p>\n<blockquote><p>Pour en savoir plus (fonctionnement d&rsquo;\u00e9quipe, conduite d&rsquo;une r\u00e9union, r\u00e9solution de probl\u00e8mes, etc&#8230;)<\/p>\n<ul>\n<li><a href=\"http:\/\/www.tact.fse.ulaval.ca\/fr\/html\/sites\/guide2.html\" target=\"_blank\">Guide sur et travail en \u00e9quipe<\/a> (Facult\u00e9 des Sciences de l&rsquo;\u00c9ducation, Universit\u00e9 Laval)<\/li>\n<\/ul>\n<blockquote>\n<p align=\"justify\">Cette page contient beaucoup d&rsquo;infos pertinentes sur le travail d&rsquo;\u00e9quipe mais surtout plusieurs outils tr\u00e8s pertinents d&rsquo;\u00e9valuation.<\/p>\n<\/blockquote>\n<ul>\n<li><a href=\"http:\/\/www.ebsi.umontreal.ca\/jetrouve\/projet\/equipe.htm\" target=\"_blank\">Nous travaillons en \u00e9quipe<\/a> (\u00c9cole de biblioth\u00e9conomie et des sciences de l&rsquo;information (EBSI), Universit\u00e9 de Montr\u00e9al)<\/li>\n<\/ul>\n<blockquote><p>Une page web tr\u00e8s simple avec des conseils pratiques<\/p>\n<p style=\"text-align: right\"><a href=\"https:\/\/tic.cegepat.qc.ca\/mireilletts\/files\/2013\/01\/Le_coin_petit.gif\"><img loading=\"lazy\" decoding=\"async\" class=\"size-full wp-image-62\" src=\"https:\/\/tic.cegepat.qc.ca\/mireilletts\/files\/2013\/01\/Le_coin_petit.gif\" alt=\"Le_coin_petit\" width=\"158\" height=\"39\" \/><\/a><\/p>\n<\/blockquote>\n<\/blockquote>\n","protected":false},"excerpt":{"rendered":"<p>L&rsquo;ordre du jour et le compte-rendu de r\u00e9union<\/p>\n<p>Guide de r\u00e9daction d&rsquo;un ordre du jour et un PV_2013\u00a0 (pdf) &#8211; r\u00e9vis\u00e9 en sept. 2013 <\/p>\n<p>Exemple 1\u00a0d&rsquo;un ordre du jour et d&rsquo;un compte rendu  (pdf) &#8211; octobre 2012<\/p>\n<p>Il s&rsquo;agit d&rsquo;une rencontre &hellip; <a href=\"https:\/\/tic.cegepat.qc.ca\/mireilletts\/la-boite-a-outils\/outils-de-travail-en-equipe\/\">Continuer la lecture <span class=\"meta-nav\">&rarr;<\/span><\/a><\/p>\n","protected":false},"author":9,"featured_media":0,"parent":74,"menu_order":1,"comment_status":"closed","ping_status":"closed","template":"","meta":{"footnotes":""},"class_list":["post-91","page","type-page","status-publish","hentry"],"_links":{"self":[{"href":"https:\/\/tic.cegepat.qc.ca\/mireilletts\/wp-json\/wp\/v2\/pages\/91","targetHints":{"allow":["GET"]}}],"collection":[{"href":"https:\/\/tic.cegepat.qc.ca\/mireilletts\/wp-json\/wp\/v2\/pages"}],"about":[{"href":"https:\/\/tic.cegepat.qc.ca\/mireilletts\/wp-json\/wp\/v2\/types\/page"}],"author":[{"embeddable":true,"href":"https:\/\/tic.cegepat.qc.ca\/mireilletts\/wp-json\/wp\/v2\/users\/9"}],"replies":[{"embeddable":true,"href":"https:\/\/tic.cegepat.qc.ca\/mireilletts\/wp-json\/wp\/v2\/comments?post=91"}],"version-history":[{"count":25,"href":"https:\/\/tic.cegepat.qc.ca\/mireilletts\/wp-json\/wp\/v2\/pages\/91\/revisions"}],"predecessor-version":[{"id":802,"href":"https:\/\/tic.cegepat.qc.ca\/mireilletts\/wp-json\/wp\/v2\/pages\/91\/revisions\/802"}],"up":[{"embeddable":true,"href":"https:\/\/tic.cegepat.qc.ca\/mireilletts\/wp-json\/wp\/v2\/pages\/74"}],"wp:attachment":[{"href":"https:\/\/tic.cegepat.qc.ca\/mireilletts\/wp-json\/wp\/v2\/media?parent=91"}],"curies":[{"name":"wp","href":"https:\/\/api.w.org\/{rel}","templated":true}]}}