{"id":99,"date":"2013-01-26T22:12:12","date_gmt":"2013-01-26T21:12:12","guid":{"rendered":"http:\/\/tic.cegepat.qc.ca\/mireille\/?page_id=99"},"modified":"2024-04-28T02:57:22","modified_gmt":"2024-04-28T01:57:22","slug":"outils-de-methodologie","status":"publish","type":"page","link":"https:\/\/tic.cegepat.qc.ca\/mireilletts\/la-boite-a-outils\/outils-de-methodologie\/","title":{"rendered":"Outils de m\u00e9thodologie"},"content":{"rendered":"<p><a href=\"https:\/\/tic.cegepat.qc.ca\/mireilletts\/files\/2013\/01\/punaiserouge.jpeg\"><img loading=\"lazy\" decoding=\"async\" class=\"alignnone wp-image-797\" src=\"https:\/\/tic.cegepat.qc.ca\/mireilletts\/files\/2013\/01\/punaiserouge.jpeg\" alt=\"punaiserouge\" width=\"24\" height=\"24\" \/><\/a> <a href=\"https:\/\/tic.cegepat.qc.ca\/mireilletts\/files\/2024\/04\/TRUC-pour-lire-un-texte2024.pdf\">Trucs de\u00a0lecture de texte<\/a>\u00a0<span style=\"color: #ff0000;font-family: SF Espionage Heavy,Cochin,Comic Sans MS\"><strong>(pdf) <\/strong><\/span><span style=\"color: #6666ff\">Un<\/span> <span style=\"color: #ff0000\"><em>indispensable<\/em><\/span> <span style=\"color: #6633ff\">dans<\/span> <span style=\"color: #6600ff\">mes <\/span><span style=\"color: #ff0000\"><em>cours<\/em><\/span><\/p>\n<p><a href=\"https:\/\/tic.cegepat.qc.ca\/mireilletts\/files\/2013\/01\/punaiserouge.jpeg\"><img loading=\"lazy\" decoding=\"async\" class=\"alignnone wp-image-797\" src=\"https:\/\/tic.cegepat.qc.ca\/mireilletts\/files\/2013\/01\/punaiserouge.jpeg\" alt=\"punaiserouge\" width=\"24\" height=\"24\" \/><\/a> <a href=\"https:\/\/tic.cegepat.qc.ca\/mireilletts\/files\/2013\/01\/Trucs-de\u0301criture.pdf\">Trucs d&rsquo;e\u0301criture<\/a><strong>\u00a0<span style=\"color: #ff0000;font-family: SF Espionage Heavy,Cochin,Comic Sans MS\"><strong>(pdf)<\/strong><\/span><\/strong><\/p>\n<p><strong><a href=\"https:\/\/tic.cegepat.qc.ca\/mireilletts\/files\/2013\/01\/punaiserouge.jpeg\"><img loading=\"lazy\" decoding=\"async\" class=\"alignnone wp-image-797\" src=\"https:\/\/tic.cegepat.qc.ca\/mireilletts\/files\/2013\/01\/punaiserouge.jpeg\" alt=\"punaiserouge\" width=\"24\" height=\"24\" \/><\/a>Fiches de lecture:<\/strong><\/p>\n<ul>\n<li><strong><a href=\"https:\/\/tic.cegepat.qc.ca\/mireilletts\/la-boite-a-outils\/outils-de-methodologie\/fiches-de-lecture-des-modeles-faciles\/\">Outils<\/a> pour confectionner des fiches de lecture selon la nature du travail \u00e0 faire<\/strong><\/li>\n<\/ul>\n<p style=\"padding-left: 60px\">Ils vous faciliteront la vie, particuli\u00e8rement si vous devez faire de la recherche documentaire en \u00e9quipe. Cet outil (2015) a \u00e9t\u00e9 initialement construit par Gabrielle Gauthier, \u00e9tudiante en TTS , C\u00e9gep AT. Il a \u00e9t\u00e9 adapt\u00e9 ensuite pour r\u00e9pondre aux besoins de divers types de travaux.<\/p>\n<ul>\n<li><strong> <a href=\"https:\/\/tic.cegepat.qc.ca\/mireilletts\/files\/2013\/01\/Fiches-de-lecture-Guide-v2017.pdf\">Fiches de lecture Guide <\/a><\/strong>: un guide de r\u00e9daction\u00a0<span style=\"color: #ff0000;font-family: SF Espionage Heavy,Cochin,Comic Sans MS\"><strong>(pdf)<\/strong>\u00a0&#8211; <\/span><span style=\"font-family: 'SF Espionage Heavy', Cochin, 'Comic Sans MS'\">oct. 2017<\/span><\/li>\n<li><span style=\"font-family: SF Espionage Heavy,Cochin,Comic Sans MS\"><span style=\"font-family: Comic Sans MS\">Quelques <a href=\"https:\/\/tic.cegepat.qc.ca\/mireilletts\/files\/2013\/01\/Exemples-de-fiches-de-lecture-oct.-2017.pdf\">Exemples de fiches de lecture<\/a><\/span><\/span><span style=\"font-family: SF Espionage Heavy,Cochin,Comic Sans MS\"><span style=\"font-family: Comic Sans MS\">\u00a0bien faites (pdf) -oct 2017<\/span><\/span><\/li>\n<li><span style=\"font-family: SF Espionage Heavy,Cochin,Comic Sans MS\"><span style=\"font-family: Comic Sans MS\"><a href=\"https:\/\/tic.cegepat.qc.ca\/mireilletts\/files\/2013\/01\/Fiches_Lecture_Schema.pdf\">Fiches de Lecture: Un schema<\/a>\u00a0permettant de bien visualiser les types de fiches de lecture \u00a0-oct 2017<\/span><\/span><\/li>\n<li style=\"list-style-type: none\"><\/li>\n<\/ul>\n<p style=\"text-align: right\">\u00a0<a href=\"https:\/\/tic.cegepat.qc.ca\/mireilletts\/files\/2013\/01\/Le_coin_petit.gif\"><img loading=\"lazy\" decoding=\"async\" class=\"alignnone size-full wp-image-62\" src=\"https:\/\/tic.cegepat.qc.ca\/mireilletts\/files\/2013\/01\/Le_coin_petit.gif\" alt=\"Le_coin_petit\" width=\"158\" height=\"39\" \/><\/a><\/p>\n","protected":false},"excerpt":{"rendered":"<p> Trucs de\u00a0lecture de texte\u00a0(pdf) Un indispensable dans mes cours<br \/>\n Trucs d&rsquo;e\u0301criture\u00a0(pdf)<br \/>\nFiches de lecture:<\/p>\n<p>Outils pour confectionner des fiches de lecture selon la nature du travail \u00e0 faire<\/p>\n<p>Ils vous faciliteront la vie, particuli\u00e8rement si vous devez faire de la recherche documentaire &hellip; <a href=\"https:\/\/tic.cegepat.qc.ca\/mireilletts\/la-boite-a-outils\/outils-de-methodologie\/\">Continuer la lecture <span class=\"meta-nav\">&rarr;<\/span><\/a><\/p>\n","protected":false},"author":9,"featured_media":0,"parent":74,"menu_order":5,"comment_status":"closed","ping_status":"closed","template":"","meta":{"footnotes":""},"class_list":["post-99","page","type-page","status-publish","hentry"],"_links":{"self":[{"href":"https:\/\/tic.cegepat.qc.ca\/mireilletts\/wp-json\/wp\/v2\/pages\/99","targetHints":{"allow":["GET"]}}],"collection":[{"href":"https:\/\/tic.cegepat.qc.ca\/mireilletts\/wp-json\/wp\/v2\/pages"}],"about":[{"href":"https:\/\/tic.cegepat.qc.ca\/mireilletts\/wp-json\/wp\/v2\/types\/page"}],"author":[{"embeddable":true,"href":"https:\/\/tic.cegepat.qc.ca\/mireilletts\/wp-json\/wp\/v2\/users\/9"}],"replies":[{"embeddable":true,"href":"https:\/\/tic.cegepat.qc.ca\/mireilletts\/wp-json\/wp\/v2\/comments?post=99"}],"version-history":[{"count":25,"href":"https:\/\/tic.cegepat.qc.ca\/mireilletts\/wp-json\/wp\/v2\/pages\/99\/revisions"}],"predecessor-version":[{"id":919,"href":"https:\/\/tic.cegepat.qc.ca\/mireilletts\/wp-json\/wp\/v2\/pages\/99\/revisions\/919"}],"up":[{"embeddable":true,"href":"https:\/\/tic.cegepat.qc.ca\/mireilletts\/wp-json\/wp\/v2\/pages\/74"}],"wp:attachment":[{"href":"https:\/\/tic.cegepat.qc.ca\/mireilletts\/wp-json\/wp\/v2\/media?parent=99"}],"curies":[{"name":"wp","href":"https:\/\/api.w.org\/{rel}","templated":true}]}}