{"id":108,"date":"2013-02-07T13:18:19","date_gmt":"2013-02-07T18:18:19","guid":{"rendered":"http:\/\/tic.cegepat.qc.ca\/portic\/?page_id=108"},"modified":"2013-02-07T14:04:49","modified_gmt":"2013-02-07T19:04:49","slug":"encaisse","status":"publish","type":"page","link":"https:\/\/tic.cegepat.qc.ca\/portic\/comptabilite\/encaisse\/","title":{"rendered":"Encaisse"},"content":{"rendered":"<p><a href=\"https:\/\/tic.cegepat.qc.ca\/portic\/files\/2013\/02\/encaisse.jpg\"><img loading=\"lazy\" decoding=\"async\" class=\"alignnone size-medium wp-image-110\" alt=\"encaisse\" src=\"https:\/\/tic.cegepat.qc.ca\/portic\/files\/2013\/02\/encaisse-300x109.jpg\" width=\"300\" height=\"109\" srcset=\"https:\/\/tic.cegepat.qc.ca\/portic\/files\/2013\/02\/encaisse-300x109.jpg 300w, https:\/\/tic.cegepat.qc.ca\/portic\/files\/2013\/02\/encaisse.jpg 500w\" sizes=\"auto, (max-width: 300px) 100vw, 300px\" \/><\/a><\/p>\n<p>L&rsquo;encaisse regroupe les comptes Caisse, Petite caisse, Fonds de caisse et les compte de banque de l&rsquo;entreprise. \u00a0Chacune de ces composantes a des traitements comptables particuliers qui seront \u00e9tudi\u00e9s dans cette section.<\/p>\n<h1>Banque<\/h1>\n<p><a href=\"https:\/\/tic.cegepat.qc.ca\/portic\/files\/2013\/02\/c6.gif\"><img loading=\"lazy\" decoding=\"async\" class=\"alignnone  wp-image-112\" alt=\"c6\" src=\"https:\/\/tic.cegepat.qc.ca\/portic\/files\/2013\/02\/c6.gif\" width=\"70\" height=\"70\" \/><\/a>La presque totalit\u00e9 des transactions d&rsquo;une entreprise passe par le compte \u00ab\u00a0Banque\u00a0\u00bb. \u00a0Le travail de validation des comptes de banque est donc tr\u00e8s important car il permettra de d\u00e9celer les inexactitudes et\/ou les omissions de comptabilisation. \u00a0Cette validation se nomme \u00ab\u00a0rapprochement bancaire\u00a0\u00bb et son but est de s&rsquo;assurer que le solde au livre correspond au solde du relev\u00e9 bancaire.<\/p>\n<p>La personne en charge d&rsquo;effectuer le rapprochement bancaire ne doit pas \u00eatre la m\u00eame que celle qui effectue les d\u00e9p\u00f4ts et qui signe les ch\u00e8ques. \u00a0Cette r\u00e9partition des t\u00e2ches permet de diminuer les risques d&rsquo;erreurs et de fraude.<\/p>\n<p>Voici une vid\u00e9o sur le rapprochement bancaire :<\/p>\n<p><a style=\"font-size: 16px\" href=\"http:\/\/www.youtube.com\/watch?v=Ur4ubhySZhw&amp;list=PLMua9YKNdGJs69lDRiVDIA9LQhELcQhBn\" target=\"_blank\"><img loading=\"lazy\" decoding=\"async\" class=\"alignnone  wp-image-132\" alt=\"conciliation\" src=\"https:\/\/tic.cegepat.qc.ca\/portic\/files\/2013\/02\/conciliation.png\" width=\"445\" height=\"244\" srcset=\"https:\/\/tic.cegepat.qc.ca\/portic\/files\/2013\/02\/conciliation.png 635w, https:\/\/tic.cegepat.qc.ca\/portic\/files\/2013\/02\/conciliation-300x164.png 300w\" sizes=\"auto, (max-width: 445px) 100vw, 445px\" \/><\/a><\/p>\n<h1>Petite caisse<\/h1>\n<p><a href=\"https:\/\/tic.cegepat.qc.ca\/portic\/files\/2013\/02\/coffre-barr\u00e9.jpg\"><img loading=\"lazy\" decoding=\"async\" class=\"alignnone  wp-image-111\" alt=\"coffre barr\u00e9\" src=\"https:\/\/tic.cegepat.qc.ca\/portic\/files\/2013\/02\/coffre-barr\u00e9.jpg\" width=\"62\" height=\"50\" \/><\/a>La petite caisse sert \u00e0 payer les charges dont le montant n&rsquo;est pas assez \u00e9lev\u00e9 et qui doivent \u00eatre pay\u00e9es comptant. \u00a0Cette proc\u00e9dure est plus rapide et moins co\u00fbteuse que d&rsquo;\u00e9mettre des ch\u00e8ques pour chacune de ces d\u00e9penses. \u00a0Puisqu&rsquo;il s&rsquo;agit d&rsquo;argent liquide, il faut s&rsquo;assurer d&rsquo;un certain contr\u00f4le pour \u00e9viter les erreurs et les fraudes. \u00a0Ainsi, une seule personne doit \u00eatre responsable de la petite caisse et elle doit \u00eatre gard\u00e9e sous cl\u00e9.<\/p>\n<p>La vid\u00e9o sur ce sujet sera disponible sous peu.<\/p>\n<h1>Caisse<\/h1>\n<p><a href=\"https:\/\/tic.cegepat.qc.ca\/portic\/files\/2013\/02\/images-4.jpg\"><img loading=\"lazy\" decoding=\"async\" class=\"alignnone  wp-image-114\" alt=\"images (4)\" src=\"https:\/\/tic.cegepat.qc.ca\/portic\/files\/2013\/02\/images-4.jpg\" width=\"135\" height=\"135\" srcset=\"https:\/\/tic.cegepat.qc.ca\/portic\/files\/2013\/02\/images-4.jpg 225w, https:\/\/tic.cegepat.qc.ca\/portic\/files\/2013\/02\/images-4-150x150.jpg 150w\" sizes=\"auto, (max-width: 135px) 100vw, 135px\" \/><\/a>Le compte caisse est utilis\u00e9 pour comptabiliser tous les encaissements des clients ainsi que les ventes au comptant. \u00a0\u00c0 la fin de la journ\u00e9e, le total de ce compte est concili\u00e9 avec le rapport des ventes et le d\u00e9p\u00f4t \u00e0 la banque est effectu\u00e9. \u00a0Lors du d\u00e9p\u00f4t, la banque est d\u00e9bit\u00e9e et la caisse est cr\u00e9dit\u00e9e.<\/p>\n<p>Il est important d&rsquo;effectuer des d\u00e9p\u00f4ts fr\u00e9quemment car tant que l&rsquo;argent est dans les coffres de l&rsquo;entreprise, il y a des risques de fraude et de vol.<\/p>\n<h1>Fonds de caisse<\/h1>\n<p>Le fonds de caisse est la somme d&rsquo;argent que l&rsquo;entreprise garde dans ses coffres pour constituer les caisse de d\u00e9part des caissi\u00e8res. \u00a0Il y a aussi un montant en petite coupure utilis\u00e9 pour reconstituer les caisses de d\u00e9part. \u00a0Ce compte est d\u00e9bit\u00e9 au moment de la constitution ou de l&rsquo;augmentation du fonds de caisse. \u00a0Il sera cr\u00e9dit\u00e9 seulement si l&rsquo;entreprise d\u00e9cide de diminuer son fonds de caisse. \u00a0Ce pourrait \u00eatre le cas notamment dans les p\u00e9riodes plus tranquille dans les entreprises saisonni\u00e8res.<\/p>\n<p>&nbsp;<\/p>\n","protected":false},"excerpt":{"rendered":"<p>L&rsquo;encaisse regroupe les comptes Caisse, Petite caisse, Fonds de caisse et les compte de banque de l&rsquo;entreprise. \u00a0Chacune de ces composantes a des traitements comptables particuliers qui seront \u00e9tudi\u00e9s dans cette section.<br \/>\nBanque<br \/>\nLa presque totalit\u00e9 des transactions d&rsquo;une entreprise passe par &hellip;<\/p>\n<p class=\"read-more\"> <a class=\"more-link\" href=\"https:\/\/tic.cegepat.qc.ca\/portic\/comptabilite\/encaisse\/\"> <span class=\"screen-reader-text\">Encaisse<\/span> Read More &raquo;<\/a><\/p>\n","protected":false},"author":10,"featured_media":0,"parent":90,"menu_order":0,"comment_status":"open","ping_status":"closed","template":"","meta":{"footnotes":""},"class_list":["post-108","page","type-page","status-publish","hentry"],"_links":{"self":[{"href":"https:\/\/tic.cegepat.qc.ca\/portic\/wp-json\/wp\/v2\/pages\/108","targetHints":{"allow":["GET"]}}],"collection":[{"href":"https:\/\/tic.cegepat.qc.ca\/portic\/wp-json\/wp\/v2\/pages"}],"about":[{"href":"https:\/\/tic.cegepat.qc.ca\/portic\/wp-json\/wp\/v2\/types\/page"}],"author":[{"embeddable":true,"href":"https:\/\/tic.cegepat.qc.ca\/portic\/wp-json\/wp\/v2\/users\/10"}],"replies":[{"embeddable":true,"href":"https:\/\/tic.cegepat.qc.ca\/portic\/wp-json\/wp\/v2\/comments?post=108"}],"version-history":[{"count":3,"href":"https:\/\/tic.cegepat.qc.ca\/portic\/wp-json\/wp\/v2\/pages\/108\/revisions"}],"predecessor-version":[{"id":133,"href":"https:\/\/tic.cegepat.qc.ca\/portic\/wp-json\/wp\/v2\/pages\/108\/revisions\/133"}],"up":[{"embeddable":true,"href":"https:\/\/tic.cegepat.qc.ca\/portic\/wp-json\/wp\/v2\/pages\/90"}],"wp:attachment":[{"href":"https:\/\/tic.cegepat.qc.ca\/portic\/wp-json\/wp\/v2\/media?parent=108"}],"curies":[{"name":"wp","href":"https:\/\/api.w.org\/{rel}","templated":true}]}}