{"id":117,"date":"2013-02-07T13:42:16","date_gmt":"2013-02-07T18:42:16","guid":{"rendered":"http:\/\/tic.cegepat.qc.ca\/portic\/?page_id=117"},"modified":"2013-02-07T14:07:09","modified_gmt":"2013-02-07T19:07:09","slug":"entreprise-commerciale-inventaire-periodique","status":"publish","type":"page","link":"https:\/\/tic.cegepat.qc.ca\/portic\/comptabilite\/entreprise-commerciale-inventaire-periodique\/","title":{"rendered":"Entreprise commerciale (Inventaire p\u00e9riodique)"},"content":{"rendered":"<p><a href=\"https:\/\/tic.cegepat.qc.ca\/portic\/files\/2013\/02\/ent_commerciale.png\"><img loading=\"lazy\" decoding=\"async\" class=\"alignnone size-medium wp-image-118\" alt=\"ent_commerciale\" src=\"https:\/\/tic.cegepat.qc.ca\/portic\/files\/2013\/02\/ent_commerciale-300x109.png\" width=\"300\" height=\"109\" srcset=\"https:\/\/tic.cegepat.qc.ca\/portic\/files\/2013\/02\/ent_commerciale-300x109.png 300w, https:\/\/tic.cegepat.qc.ca\/portic\/files\/2013\/02\/ent_commerciale.png 500w\" sizes=\"auto, (max-width: 300px) 100vw, 300px\" \/><\/a><\/p>\n<p>L&rsquo;entreprise commerciale a pour but de vendre les marchandises qu&rsquo;elle ach\u00e8te de ses fournisseurs. \u00a0Elle sert d&rsquo;interm\u00e9diaire entre le fabricant et le consommateur. \u00a0Les \u00e9tats financiers de ce genre d&rsquo;entreprise devra\u00a0refl\u00e9ter cette activit\u00e9. \u00a0De ce fait, l&rsquo;\u00e9tat des r\u00e9sultats des entreprises commerciales auront une section suppl\u00e9mentaire que l&rsquo;on nomme \u00ab\u00a0Co\u00fbt des marchandises vendues (CMV)\u00a0\u00bb. \u00a0Comme son nom l&rsquo;indique, cette section sert \u00e0 d\u00e9terminer le co\u00fbt des marchandises que l&rsquo;entreprise a vendues durant la p\u00e9riode. \u00a0Pour les entreprises commerciales le CMV est la charge la plus importante.<\/p>\n<p>Lorsqu&rsquo;on soustrait des ventes le co\u00fbt des marchandises vendues, on obtient la marge b\u00e9n\u00e9ficiaire brute. L&rsquo;information sur la marge brute est primordiale pour le gestionnaire car il doit s&rsquo;assurer que ce montant est suffisant pour couvrir les charges d&rsquo;exploitation et g\u00e9n\u00e9rer un b\u00e9n\u00e9fice net.<\/p>\n<p>La comptabilit\u00e9 des entreprises commerciales est plus complexe que celle des entreprises de services. \u00a0On devra, entre autre, utiliser plusieurs nouveaux comptes. \u00a0Les vid\u00e9os suivantes vous ferons d\u00e9couvrir ses comptes et les particularit\u00e9s de la comptabilisation des entreprises commerciales qui utilisent la m\u00e9thode de l&rsquo;inventaire p\u00e9riodique.<\/p>\n<p><a href=\"http:\/\/www.youtube.com\/playlist?list=PLMua9YKNdGJuoyjzZ1ZEa2H2U1Cz0lwnN\" target=\"_blank\"><img loading=\"lazy\" decoding=\"async\" class=\"alignnone  wp-image-135\" alt=\"entcomm\" src=\"https:\/\/tic.cegepat.qc.ca\/portic\/files\/2013\/02\/entcomm1.png\" width=\"442\" height=\"246\" srcset=\"https:\/\/tic.cegepat.qc.ca\/portic\/files\/2013\/02\/entcomm1.png 631w, https:\/\/tic.cegepat.qc.ca\/portic\/files\/2013\/02\/entcomm1-300x167.png 300w\" sizes=\"auto, (max-width: 442px) 100vw, 442px\" \/><\/a><\/p>\n<p><a href=\"https:\/\/tic.cegepat.qc.ca\/portic\/files\/2013\/02\/202456.gif\"><img loading=\"lazy\" decoding=\"async\" class=\"alignnone size-full wp-image-123\" alt=\"202456\" src=\"https:\/\/tic.cegepat.qc.ca\/portic\/files\/2013\/02\/202456.gif\" width=\"1024\" height=\"532\" \/><\/a><\/p>\n","protected":false},"excerpt":{"rendered":"<p>L&rsquo;entreprise commerciale a pour but de vendre les marchandises qu&rsquo;elle ach\u00e8te de ses fournisseurs. \u00a0Elle sert d&rsquo;interm\u00e9diaire entre le fabricant et le consommateur. \u00a0Les \u00e9tats financiers de ce genre d&rsquo;entreprise devra\u00a0refl\u00e9ter cette activit\u00e9. \u00a0De ce fait, l&rsquo;\u00e9tat des r\u00e9sultats des &hellip;<\/p>\n<p class=\"read-more\"> <a class=\"more-link\" href=\"https:\/\/tic.cegepat.qc.ca\/portic\/comptabilite\/entreprise-commerciale-inventaire-periodique\/\"> <span class=\"screen-reader-text\">Entreprise commerciale (Inventaire p\u00e9riodique)<\/span> Read More &raquo;<\/a><\/p>\n","protected":false},"author":10,"featured_media":0,"parent":90,"menu_order":0,"comment_status":"open","ping_status":"closed","template":"","meta":{"footnotes":""},"class_list":["post-117","page","type-page","status-publish","hentry"],"_links":{"self":[{"href":"https:\/\/tic.cegepat.qc.ca\/portic\/wp-json\/wp\/v2\/pages\/117","targetHints":{"allow":["GET"]}}],"collection":[{"href":"https:\/\/tic.cegepat.qc.ca\/portic\/wp-json\/wp\/v2\/pages"}],"about":[{"href":"https:\/\/tic.cegepat.qc.ca\/portic\/wp-json\/wp\/v2\/types\/page"}],"author":[{"embeddable":true,"href":"https:\/\/tic.cegepat.qc.ca\/portic\/wp-json\/wp\/v2\/users\/10"}],"replies":[{"embeddable":true,"href":"https:\/\/tic.cegepat.qc.ca\/portic\/wp-json\/wp\/v2\/comments?post=117"}],"version-history":[{"count":7,"href":"https:\/\/tic.cegepat.qc.ca\/portic\/wp-json\/wp\/v2\/pages\/117\/revisions"}],"predecessor-version":[{"id":121,"href":"https:\/\/tic.cegepat.qc.ca\/portic\/wp-json\/wp\/v2\/pages\/117\/revisions\/121"}],"up":[{"embeddable":true,"href":"https:\/\/tic.cegepat.qc.ca\/portic\/wp-json\/wp\/v2\/pages\/90"}],"wp:attachment":[{"href":"https:\/\/tic.cegepat.qc.ca\/portic\/wp-json\/wp\/v2\/media?parent=117"}],"curies":[{"name":"wp","href":"https:\/\/api.w.org\/{rel}","templated":true}]}}