{"id":145,"date":"2013-02-17T17:01:28","date_gmt":"2013-02-17T22:01:28","guid":{"rendered":"http:\/\/tic.cegepat.qc.ca\/portic\/?page_id=145"},"modified":"2013-03-26T14:40:48","modified_gmt":"2013-03-26T19:40:48","slug":"etats-financiers","status":"publish","type":"page","link":"https:\/\/tic.cegepat.qc.ca\/portic\/comptabilite\/etats-financiers\/","title":{"rendered":"\u00c9tats financiers"},"content":{"rendered":"<p style=\"text-align: justify\">La quatri\u00e8me \u00e9tape du cycle comptable consiste \u00e0 ORGANISER l&rsquo;information. \u00a0C&rsquo;est \u00e0 dire qu&rsquo;il faut mettre de l&rsquo;ordre dans cette information pour la pr\u00e9senter de fa\u00e7on logique. \u00a0C&rsquo;est ce que nous permet la structure des divers \u00e9tats financiers.<\/p>\n<p style=\"text-align: justify\">L&rsquo;\u00e9tat des r\u00e9sultats informe sur la rentabilit\u00e9 de l&rsquo;entreprise. \u00a0C&rsquo;est en soustrayant des produits, les charges d&rsquo;exploitation que nous obtenons le b\u00e9n\u00e9fice g\u00e9n\u00e9r\u00e9 par l&rsquo;entreprise au cours d&rsquo;une p\u00e9riode donn\u00e9e.<\/p>\n<p style=\"text-align: justify\">L&rsquo;\u00e9tat des capitaux propres nous donne le d\u00e9tail des transactions qui ont fait varier l&rsquo;investissement du propri\u00e9taire au cours de la p\u00e9riode. \u00a0C&rsquo;est ainsi que, au capital au d\u00e9but, il faut ajouter le b\u00e9n\u00e9fice et les apports de la p\u00e9riode. \u00a0Il faudra aussi soustraire les pr\u00e9l\u00e8vements pour d\u00e9terminer l&rsquo;investissement \u00e0 la fin.<\/p>\n<p style=\"text-align: justify\">Le bilan, quant \u00e0 lui, informe sur la situation financi\u00e8re de l&rsquo;entreprise. \u00a0Le bilan d\u00e9taille ce que l&rsquo;entreprise poss\u00e8de et la fa\u00e7on dont ces acquisitions sont financ\u00e9es.<\/p>\n<p style=\"text-align: justify\">Lefichier suivant contiennent des EF mod\u00e8les. \u00a0Il vous seront utiles pour apprendre la structure et la pr\u00e9sentation ad\u00e9quate des EF pour les entreprises de services et les entreprises commerciales.<\/p>\n<p><a href=\"https:\/\/tic.cegepat.qc.ca\/portic\/files\/2013\/02\/EF-et-fermeture.xlsx\">EF et fermeture<\/a><\/p>\n<p><span style=\"font-size: 16px\">Voici une vid\u00e9o cr\u00e9\u00e9e par <\/span><strong style=\"font-size: 16px\">Lydia St-Pierre<\/strong><span style=\"font-size: 16px\">, \u00e9tudiante au C\u00e9gep de l&rsquo;Abitibi-T\u00e9miscamingue. Elle y explique la structure des EF et par la suite, les modifications que l&rsquo;on doit y apporter selon la nature et\/ou la forme juridique des entreprises.<\/span><\/p>\n<p><a href=\"http:\/\/www.youtube.com\/watch?v=OHk6HC2vSC4&amp;feature=youtu.be\"><img loading=\"lazy\" decoding=\"async\" class=\"alignnone  wp-image-156\" alt=\"ef Lydia St-Pierre\" src=\"https:\/\/tic.cegepat.qc.ca\/portic\/files\/2013\/02\/ef-Lydia-St-Pierre.png\" width=\"432\" height=\"249\" srcset=\"https:\/\/tic.cegepat.qc.ca\/portic\/files\/2013\/02\/ef-Lydia-St-Pierre.png 617w, https:\/\/tic.cegepat.qc.ca\/portic\/files\/2013\/02\/ef-Lydia-St-Pierre-300x173.png 300w\" sizes=\"auto, (max-width: 432px) 100vw, 432px\" \/><\/a><\/p>\n<p>&nbsp;<\/p>\n","protected":false},"excerpt":{"rendered":"<p>La quatri\u00e8me \u00e9tape du cycle comptable consiste \u00e0 ORGANISER l&rsquo;information. \u00a0C&rsquo;est \u00e0 dire qu&rsquo;il faut mettre de l&rsquo;ordre dans cette information pour la pr\u00e9senter de fa\u00e7on logique. \u00a0C&rsquo;est ce que nous permet la structure des divers \u00e9tats financiers.<br \/>\nL&rsquo;\u00e9tat des r\u00e9sultats &hellip;<\/p>\n<p class=\"read-more\"> <a class=\"more-link\" href=\"https:\/\/tic.cegepat.qc.ca\/portic\/comptabilite\/etats-financiers\/\"> <span class=\"screen-reader-text\">\u00c9tats financiers<\/span> Read More &raquo;<\/a><\/p>\n","protected":false},"author":10,"featured_media":0,"parent":90,"menu_order":0,"comment_status":"open","ping_status":"closed","template":"","meta":{"footnotes":""},"class_list":["post-145","page","type-page","status-publish","hentry"],"_links":{"self":[{"href":"https:\/\/tic.cegepat.qc.ca\/portic\/wp-json\/wp\/v2\/pages\/145","targetHints":{"allow":["GET"]}}],"collection":[{"href":"https:\/\/tic.cegepat.qc.ca\/portic\/wp-json\/wp\/v2\/pages"}],"about":[{"href":"https:\/\/tic.cegepat.qc.ca\/portic\/wp-json\/wp\/v2\/types\/page"}],"author":[{"embeddable":true,"href":"https:\/\/tic.cegepat.qc.ca\/portic\/wp-json\/wp\/v2\/users\/10"}],"replies":[{"embeddable":true,"href":"https:\/\/tic.cegepat.qc.ca\/portic\/wp-json\/wp\/v2\/comments?post=145"}],"version-history":[{"count":13,"href":"https:\/\/tic.cegepat.qc.ca\/portic\/wp-json\/wp\/v2\/pages\/145\/revisions"}],"predecessor-version":[{"id":242,"href":"https:\/\/tic.cegepat.qc.ca\/portic\/wp-json\/wp\/v2\/pages\/145\/revisions\/242"}],"up":[{"embeddable":true,"href":"https:\/\/tic.cegepat.qc.ca\/portic\/wp-json\/wp\/v2\/pages\/90"}],"wp:attachment":[{"href":"https:\/\/tic.cegepat.qc.ca\/portic\/wp-json\/wp\/v2\/media?parent=145"}],"curies":[{"name":"wp","href":"https:\/\/api.w.org\/{rel}","templated":true}]}}