{"id":161,"date":"2013-02-17T20:34:34","date_gmt":"2013-02-18T01:34:34","guid":{"rendered":"http:\/\/tic.cegepat.qc.ca\/portic\/?page_id=161"},"modified":"2013-02-17T20:45:05","modified_gmt":"2013-02-18T01:45:05","slug":"excel-2010","status":"publish","type":"page","link":"https:\/\/tic.cegepat.qc.ca\/portic\/logiciels\/excel-2010\/","title":{"rendered":"Excel 2010"},"content":{"rendered":"<p>Cette section est en construction. \u00a0Elle sera modifi\u00e9e bient\u00f4t.<\/p>\n<p>Ce tableur \u00e9lectronique est surement l&rsquo;outils le plus pr\u00e9cieux pour un comptable. \u00a0Au fur et \u00e0 mesure que vous d\u00e9couvrirez ses fonctionnalit\u00e9s, vous prendrez conscience de tout son potentiel.<\/p>\n<h2>Cr\u00e9ation de graphique par J\u00e9r\u00e9my Mowatt<\/h2>\n<p><a href=\"http:\/\/www.youtube.com\/watch?v=u6I8p6buJwQ&amp;feature=youtu.be\"><img loading=\"lazy\" decoding=\"async\" class=\"alignnone  wp-image-162\" alt=\"graphique Jeremy Mowatt\" src=\"https:\/\/tic.cegepat.qc.ca\/portic\/files\/2013\/02\/graphique-Jeremy-Mowatt.png\" width=\"445\" height=\"248\" srcset=\"https:\/\/tic.cegepat.qc.ca\/portic\/files\/2013\/02\/graphique-Jeremy-Mowatt.png 636w, https:\/\/tic.cegepat.qc.ca\/portic\/files\/2013\/02\/graphique-Jeremy-Mowatt-300x167.png 300w\" sizes=\"auto, (max-width: 445px) 100vw, 445px\" \/><\/a><\/p>\n<h2>Fonctions logiques par Am\u00e9lie B\u00e9dard<\/h2>\n<p><a href=\"http:\/\/www.youtube.com\/watch?v=JB0Mr0oAXkw&amp;feature=youtu.be\"><img loading=\"lazy\" decoding=\"async\" class=\"alignnone  wp-image-163\" alt=\"fct logic part1 A b\u00e9dard\" src=\"https:\/\/tic.cegepat.qc.ca\/portic\/files\/2013\/02\/fct-logic-part1-A-b\u00e9dard.png\" width=\"442\" height=\"248\" srcset=\"https:\/\/tic.cegepat.qc.ca\/portic\/files\/2013\/02\/fct-logic-part1-A-b\u00e9dard.png 631w, https:\/\/tic.cegepat.qc.ca\/portic\/files\/2013\/02\/fct-logic-part1-A-b\u00e9dard-300x168.png 300w\" sizes=\"auto, (max-width: 442px) 100vw, 442px\" \/><\/a><\/p>\n<p><a href=\"http:\/\/www.youtube.com\/watch?v=RV8j3xwTu6M&amp;feature=youtu.be\"><img loading=\"lazy\" decoding=\"async\" class=\"alignnone  wp-image-165\" alt=\"fct logic part2  A b\u00e9dard\" src=\"https:\/\/tic.cegepat.qc.ca\/portic\/files\/2013\/02\/fct-logic-part2-A-b\u00e9dard.png\" width=\"445\" height=\"250\" srcset=\"https:\/\/tic.cegepat.qc.ca\/portic\/files\/2013\/02\/fct-logic-part2-A-b\u00e9dard.png 635w, https:\/\/tic.cegepat.qc.ca\/portic\/files\/2013\/02\/fct-logic-part2-A-b\u00e9dard-300x168.png 300w\" sizes=\"auto, (max-width: 445px) 100vw, 445px\" \/><\/a><\/p>\n<p>&nbsp;<\/p>\n<p><a href=\"http:\/\/www.youtube.com\/watch?v=7JAaKkwavR8&amp;feature=youtu.be\"><img loading=\"lazy\" decoding=\"async\" class=\"alignnone  wp-image-167\" alt=\"fct logic part3 A b\u00e9dard\" src=\"https:\/\/tic.cegepat.qc.ca\/portic\/files\/2013\/02\/fct-logic-part3-A-b\u00e9dard.png\" width=\"447\" height=\"248\" srcset=\"https:\/\/tic.cegepat.qc.ca\/portic\/files\/2013\/02\/fct-logic-part3-A-b\u00e9dard.png 638w, https:\/\/tic.cegepat.qc.ca\/portic\/files\/2013\/02\/fct-logic-part3-A-b\u00e9dard-300x166.png 300w\" sizes=\"auto, (max-width: 447px) 100vw, 447px\" \/><\/a><\/p>\n<p>&nbsp;<\/p>\n<h2>Tableau crois\u00e9 dynamique par Pierre-Emmanuel Boutin<\/h2>\n<p><a href=\"http:\/\/www.youtube.com\/watch?v=N36krqzfhSg&amp;feature=youtu.be\"><img loading=\"lazy\" decoding=\"async\" class=\"alignnone  wp-image-168\" alt=\"tb crois\u00e9 dyn PE Boutin\" src=\"https:\/\/tic.cegepat.qc.ca\/portic\/files\/2013\/02\/tb-crois\u00e9-dyn-PE-Boutin.png\" width=\"445\" height=\"247\" srcset=\"https:\/\/tic.cegepat.qc.ca\/portic\/files\/2013\/02\/tb-crois\u00e9-dyn-PE-Boutin.png 635w, https:\/\/tic.cegepat.qc.ca\/portic\/files\/2013\/02\/tb-crois\u00e9-dyn-PE-Boutin-300x166.png 300w\" sizes=\"auto, (max-width: 445px) 100vw, 445px\" \/><\/a><\/p>\n","protected":false},"excerpt":{"rendered":"<p>Cette section est en construction. \u00a0Elle sera modifi\u00e9e bient\u00f4t.<br \/>\nCe tableur \u00e9lectronique est surement l&rsquo;outils le plus pr\u00e9cieux pour un comptable. \u00a0Au fur et \u00e0 mesure que vous d\u00e9couvrirez ses fonctionnalit\u00e9s, vous prendrez conscience de tout son potentiel.<br \/>\nCr\u00e9ation de graphique par &hellip;<\/p>\n<p class=\"read-more\"> <a class=\"more-link\" href=\"https:\/\/tic.cegepat.qc.ca\/portic\/logiciels\/excel-2010\/\"> <span class=\"screen-reader-text\">Excel 2010<\/span> Read More &raquo;<\/a><\/p>\n","protected":false},"author":10,"featured_media":0,"parent":82,"menu_order":0,"comment_status":"open","ping_status":"closed","template":"","meta":{"footnotes":""},"class_list":["post-161","page","type-page","status-publish","hentry"],"_links":{"self":[{"href":"https:\/\/tic.cegepat.qc.ca\/portic\/wp-json\/wp\/v2\/pages\/161","targetHints":{"allow":["GET"]}}],"collection":[{"href":"https:\/\/tic.cegepat.qc.ca\/portic\/wp-json\/wp\/v2\/pages"}],"about":[{"href":"https:\/\/tic.cegepat.qc.ca\/portic\/wp-json\/wp\/v2\/types\/page"}],"author":[{"embeddable":true,"href":"https:\/\/tic.cegepat.qc.ca\/portic\/wp-json\/wp\/v2\/users\/10"}],"replies":[{"embeddable":true,"href":"https:\/\/tic.cegepat.qc.ca\/portic\/wp-json\/wp\/v2\/comments?post=161"}],"version-history":[{"count":4,"href":"https:\/\/tic.cegepat.qc.ca\/portic\/wp-json\/wp\/v2\/pages\/161\/revisions"}],"predecessor-version":[{"id":170,"href":"https:\/\/tic.cegepat.qc.ca\/portic\/wp-json\/wp\/v2\/pages\/161\/revisions\/170"}],"up":[{"embeddable":true,"href":"https:\/\/tic.cegepat.qc.ca\/portic\/wp-json\/wp\/v2\/pages\/82"}],"wp:attachment":[{"href":"https:\/\/tic.cegepat.qc.ca\/portic\/wp-json\/wp\/v2\/media?parent=161"}],"curies":[{"name":"wp","href":"https:\/\/api.w.org\/{rel}","templated":true}]}}