{"id":189,"date":"2013-02-19T21:12:11","date_gmt":"2013-02-20T02:12:11","guid":{"rendered":"http:\/\/tic.cegepat.qc.ca\/portic\/?page_id=189"},"modified":"2013-02-23T21:41:55","modified_gmt":"2013-02-24T02:41:55","slug":"entreprise-commerciale-inventaire-permanent","status":"publish","type":"page","link":"https:\/\/tic.cegepat.qc.ca\/portic\/comptabilite\/entreprise-commerciale-inventaire-permanent\/","title":{"rendered":"Entreprise commerciale (inventaire permanent)"},"content":{"rendered":"<h2 style=\"text-align: justify\"><a href=\"https:\/\/tic.cegepat.qc.ca\/portic\/files\/2013\/02\/1225376783501wyw.jpg\"><img loading=\"lazy\" decoding=\"async\" class=\" wp-image-216 alignleft\" alt=\"1225376783501wyw\" src=\"https:\/\/tic.cegepat.qc.ca\/portic\/files\/2013\/02\/1225376783501wyw.jpg\" width=\"120\" height=\"117\" \/><\/a><span style=\"color: #7bb30d\">Pourquoi un syst\u00e8me d&rsquo;inventaire permanent ?<\/span><\/h2>\n<p style=\"text-align: justify\">Le syst\u00e8me d&rsquo;inventaire p\u00e9riodique fournit tr\u00e8s peu d&rsquo;information sur les marchandises en inventaire. \u00a0En effet, on ne connait pas les quantit\u00e9s en inventaire, \u00e0 moins de proc\u00e9der \u00e0 leur d\u00e9nombrement. \u00a0Il est aussi ardu de d\u00e9terminer le co\u00fbt unitaire des stocks car aucun suivi n&rsquo;en est fait. \u00a0C&rsquo;est pourquoi l&rsquo;inventaire p\u00e9riodique est utilis\u00e9 seulement dans de petites entreprises ou bien quand le niveau des stocks n&rsquo;est pas tr\u00e8s important.<\/p>\n<p style=\"text-align: justify\">Le stock de marchandise est un poste du bilan tr\u00e8s important tant par le nombre de transactions qui l&rsquo;affecte que par le montant de liquidit\u00e9 qui y est investit. \u00a0Il est donc important pour les gestionnaires de l&rsquo;entreprise d&rsquo;assurer le contr\u00f4le et la disponibilit\u00e9 des marchandises. \u00a0Ils doivent aussi s&rsquo;assurer que l&rsquo;entreprise d\u00e9gage une marge brute suffisante pour couvrir les charges d&rsquo;exploitation et g\u00e9n\u00e9rer un b\u00e9n\u00e9fice. \u00a0Les gestionnaires auront donc besoin d&rsquo;un syst\u00e8me capable de \u00a0fournir des informations tant sur la quantit\u00e9 que sur le co\u00fbt des marchandises en inventaire. \u00a0C&rsquo;est pourquoi, dans les entreprises de plus grande envergure, on utilise un syst\u00e8me d&rsquo;inventaire permanent.<\/p>\n<h2 style=\"text-align: justify\"><span style=\"color: #7bb30d\">Principes de base de l&rsquo;inventaire permanent<\/span><\/h2>\n<ul>\n<li><span style=\"line-height: 15.994318008422852px\"><a href=\"https:\/\/tic.cegepat.qc.ca\/portic\/files\/2013\/02\/einstein.gif\"><img loading=\"lazy\" decoding=\"async\" class=\"wp-image-100 alignleft\" alt=\"einstein\" src=\"https:\/\/tic.cegepat.qc.ca\/portic\/files\/2013\/02\/einstein.gif\" width=\"210\" height=\"210\" \/><\/a>Les achats de marchandises seront comptabilis\u00e9s au compte de bilan \u00ab\u00a0Stock\u00a0\u00bb.<\/span><\/li>\n<li>On utilisera un grand-livre auxiliaire des stocks pour consigner les informations sur les quantit\u00e9s et le co\u00fbt des articles en inventaire.<\/li>\n<li>\u00c0 chaque transaction de vente ou d&rsquo;achat de marchandise, le grand-livre auxiliaire sera mis \u00e0 jour.<\/li>\n<\/ul>\n<p>Dans la pr\u00e9sente vid\u00e9o, vous apprendrez les principes de base de l&rsquo;inventaire permanent ainsi que le fonctionnement du grand-livre auxiliaire.<\/p>\n<p><a href=\"http:\/\/www.youtube.com\/watch?v=pfdOraM37Tw\"><img loading=\"lazy\" decoding=\"async\" class=\"alignnone  wp-image-208\" alt=\"IntroIP\" src=\"https:\/\/tic.cegepat.qc.ca\/portic\/files\/2013\/02\/IntroIP.png\" width=\"449\" height=\"248\" srcset=\"https:\/\/tic.cegepat.qc.ca\/portic\/files\/2013\/02\/IntroIP.png 642w, https:\/\/tic.cegepat.qc.ca\/portic\/files\/2013\/02\/IntroIP-300x165.png 300w\" sizes=\"auto, (max-width: 449px) 100vw, 449px\" \/><\/a><\/p>\n<p>&nbsp;<\/p>\n<h3>Les pages suivantes portent sur diff\u00e9rents sujet li\u00e9s aux entreprises commerciales qui utilisent la m\u00e9thode de l&rsquo;inventaire permanent :<\/h3>\n<h3><a title=\"Comptabilisation (Inv. permanent)\" href=\"https:\/\/tic.cegepat.qc.ca\/portic\/2013\/02\/19\/comptabilisation-inv-permanent\/\">Comptabilisation dans un syst\u00e8me d&rsquo;inventaire permanent<\/a><\/h3>\n<h3><a title=\"\u00c9valuation (Inv. permanent)\" href=\"https:\/\/tic.cegepat.qc.ca\/portic\/2013\/02\/19\/evaluation-inv-permanent\/\">\u00c9valuation des stocks<\/a><\/h3>\n","protected":false},"excerpt":{"rendered":"<p>Pourquoi un syst\u00e8me d&rsquo;inventaire permanent ?<br \/>\nLe syst\u00e8me d&rsquo;inventaire p\u00e9riodique fournit tr\u00e8s peu d&rsquo;information sur les marchandises en inventaire. \u00a0En effet, on ne connait pas les quantit\u00e9s en inventaire, \u00e0 moins de proc\u00e9der \u00e0 leur d\u00e9nombrement. \u00a0Il est aussi ardu de &hellip;<\/p>\n<p class=\"read-more\"> <a class=\"more-link\" href=\"https:\/\/tic.cegepat.qc.ca\/portic\/comptabilite\/entreprise-commerciale-inventaire-permanent\/\"> <span class=\"screen-reader-text\">Entreprise commerciale (inventaire permanent)<\/span> Read More &raquo;<\/a><\/p>\n","protected":false},"author":10,"featured_media":0,"parent":90,"menu_order":0,"comment_status":"open","ping_status":"closed","template":"","meta":{"footnotes":""},"class_list":["post-189","page","type-page","status-publish","hentry"],"_links":{"self":[{"href":"https:\/\/tic.cegepat.qc.ca\/portic\/wp-json\/wp\/v2\/pages\/189","targetHints":{"allow":["GET"]}}],"collection":[{"href":"https:\/\/tic.cegepat.qc.ca\/portic\/wp-json\/wp\/v2\/pages"}],"about":[{"href":"https:\/\/tic.cegepat.qc.ca\/portic\/wp-json\/wp\/v2\/types\/page"}],"author":[{"embeddable":true,"href":"https:\/\/tic.cegepat.qc.ca\/portic\/wp-json\/wp\/v2\/users\/10"}],"replies":[{"embeddable":true,"href":"https:\/\/tic.cegepat.qc.ca\/portic\/wp-json\/wp\/v2\/comments?post=189"}],"version-history":[{"count":8,"href":"https:\/\/tic.cegepat.qc.ca\/portic\/wp-json\/wp\/v2\/pages\/189\/revisions"}],"predecessor-version":[{"id":206,"href":"https:\/\/tic.cegepat.qc.ca\/portic\/wp-json\/wp\/v2\/pages\/189\/revisions\/206"}],"up":[{"embeddable":true,"href":"https:\/\/tic.cegepat.qc.ca\/portic\/wp-json\/wp\/v2\/pages\/90"}],"wp:attachment":[{"href":"https:\/\/tic.cegepat.qc.ca\/portic\/wp-json\/wp\/v2\/media?parent=189"}],"curies":[{"name":"wp","href":"https:\/\/api.w.org\/{rel}","templated":true}]}}