{"id":2,"date":"2013-01-24T13:57:01","date_gmt":"2013-01-24T13:57:01","guid":{"rendered":"http:\/\/tic.cegepat.qc.ca\/portic\/?page_id=2"},"modified":"2013-02-07T14:15:15","modified_gmt":"2013-02-07T19:15:15","slug":"page-d-exemple","status":"publish","type":"page","link":"https:\/\/tic.cegepat.qc.ca\/portic\/","title":{"rendered":"PorTic TCG"},"content":{"rendered":"<blockquote>\n<h1 style=\"text-align: center\">Bonjour tout le monde et bienvenue sur ce site cr\u00e9\u00e9 pour vous !!<\/h1>\n<p style=\"text-align: center\"><a href=\"https:\/\/tic.cegepat.qc.ca\/portic\/files\/2013\/01\/prof.gif\"><img loading=\"lazy\" decoding=\"async\" class=\"size-full wp-image-71 aligncenter\" title=\"Vous \u00eates le seul responsable de votre r\u00e9ussite !\" alt=\"prof\" src=\"https:\/\/tic.cegepat.qc.ca\/portic\/files\/2013\/01\/prof.gif\" width=\"174\" height=\"191\" \/><\/a><\/p>\n<p style=\"text-align: center\">Ce site est d\u00e9di\u00e9 \u00e0 mes \u00e9tudiants. \u00a0Il a pour objectif de vous aider \u00a0dans votre apprentissage de la comptabilit\u00e9, de la finance et de certains logiciels. \u00a0Vous y trouverez de la documentation, des proc\u00e9duriers, des vid\u00e9os&#8230;<\/p>\n<p style=\"text-align: center\">Certaines de ces ressources ont \u00e9t\u00e9 cr\u00e9\u00e9es par les \u00e9tudiants de TCG du C\u00e9gep de l&rsquo;Abitibi-T\u00e9miscamingue, Campus d&rsquo;Amos, dans le cadre de leurs cours de \u00ab\u00a0Logiciels appliqu\u00e9s \u00e0 la gestion\u00a0\u00bb et \u00ab\u00a0Comptabilit\u00e9 informatis\u00e9e\u00a0\u00bb. \u00a0Je les remercie grandement pour leur collaboration !<\/p>\n<p style=\"text-align: center\">J&rsquo;ose esp\u00e9rer que vous trouverez des outils qui vous seront utiles \u00a0et, n&rsquo;oubliez pas que vos commentaires sont toujours les bienvenus.<\/p>\n<p style=\"text-align: center\">Line Fortier, professeur TCG<\/p>\n<p style=\"text-align: center\">C\u00e9gep de l&rsquo;Abitibi-T\u00e9miscamingue<\/p>\n<\/blockquote>\n","protected":false},"excerpt":{"rendered":"<p>Bonjour tout le monde et bienvenue sur ce site cr\u00e9\u00e9 pour vous !!<\/p>\n<p>Ce site est d\u00e9di\u00e9 \u00e0 mes \u00e9tudiants. \u00a0Il a pour objectif de vous aider \u00a0dans votre apprentissage de la comptabilit\u00e9, de la finance et de certains logiciels. \u00a0Vous &hellip;<\/p>\n<p class=\"read-more\"> <a class=\"more-link\" href=\"https:\/\/tic.cegepat.qc.ca\/portic\/\"> <span class=\"screen-reader-text\">PorTic TCG<\/span> Read More &raquo;<\/a><\/p>\n","protected":false},"author":10,"featured_media":0,"parent":0,"menu_order":1,"comment_status":"open","ping_status":"open","template":"","meta":{"footnotes":""},"class_list":["post-2","page","type-page","status-publish","hentry"],"_links":{"self":[{"href":"https:\/\/tic.cegepat.qc.ca\/portic\/wp-json\/wp\/v2\/pages\/2","targetHints":{"allow":["GET"]}}],"collection":[{"href":"https:\/\/tic.cegepat.qc.ca\/portic\/wp-json\/wp\/v2\/pages"}],"about":[{"href":"https:\/\/tic.cegepat.qc.ca\/portic\/wp-json\/wp\/v2\/types\/page"}],"author":[{"embeddable":true,"href":"https:\/\/tic.cegepat.qc.ca\/portic\/wp-json\/wp\/v2\/users\/10"}],"replies":[{"embeddable":true,"href":"https:\/\/tic.cegepat.qc.ca\/portic\/wp-json\/wp\/v2\/comments?post=2"}],"version-history":[{"count":12,"href":"https:\/\/tic.cegepat.qc.ca\/portic\/wp-json\/wp\/v2\/pages\/2\/revisions"}],"predecessor-version":[{"id":140,"href":"https:\/\/tic.cegepat.qc.ca\/portic\/wp-json\/wp\/v2\/pages\/2\/revisions\/140"}],"wp:attachment":[{"href":"https:\/\/tic.cegepat.qc.ca\/portic\/wp-json\/wp\/v2\/media?parent=2"}],"curies":[{"name":"wp","href":"https:\/\/api.w.org\/{rel}","templated":true}]}}