{"id":233,"date":"2013-03-16T14:42:21","date_gmt":"2013-03-16T19:42:21","guid":{"rendered":"http:\/\/tic.cegepat.qc.ca\/portic\/?page_id=233"},"modified":"2013-03-16T16:50:18","modified_gmt":"2013-03-16T21:50:18","slug":"les-creances","status":"publish","type":"page","link":"https:\/\/tic.cegepat.qc.ca\/portic\/comptabilite\/les-creances\/","title":{"rendered":"Les Cr\u00e9ances"},"content":{"rendered":"<h1>Les Cr\u00e9ances<\/h1>\n<h2>D\u00e9finition et types de cr\u00e9ances<\/h2>\n<p style=\"text-align: justify\">Une cr\u00e9ance est un droit l\u00e9gal d&rsquo;obtenir un remboursement dans le futur d&rsquo;une somme par un d\u00e9biteur (personne qui doit verser la somme). \u00a0Ce droit du cr\u00e9ancier peut d\u00e9couler d&rsquo;un pr\u00eat au d\u00e9biteur. \u00a0Il s&rsquo;agit dans ce cas d&rsquo;un EFFET \u00c0 RECEVOIR. \u00a0L&rsquo;entreprise est en droit de charger des int\u00e9r\u00eats sur les pr\u00eats qu&rsquo;elle consent. \u00a0Elle aura donc des INT\u00c9R\u00caTS \u00c0 RECEVOIR lorsqu&rsquo;elle n&rsquo;aura pas encaiss\u00e9 les int\u00e9r\u00eats avant la fin de la p\u00e9riode. \u00a0Les pr\u00eats consentis \u00e0 des personnes avec qui l&rsquo;entreprise a des liens particuliers(propri\u00e9taires, employ\u00e9s, filiales&#8230;) se nomment AVANCE. \u00a0Finalement, l&rsquo;entreprise peut aussi obtenir ce droit suite \u00e0 la vente de biens ou de services \u00e0 un client. \u00a0Il s&rsquo;agit alors de COMPTES CLIENTS.<\/p>\n<p style=\"text-align: justify\">Tous ces comptes sont class\u00e9s dans l&rsquo;actif puisqu&rsquo;ils ont une valeur mon\u00e9taire et qu&rsquo;ils n&rsquo;ont pas encore \u00e9t\u00e9 utilis\u00e9s. \u00a0Ils seront class\u00e9s dans le court ou le long terme d\u00e9pendant de l&rsquo;\u00e9ch\u00e9ance.<\/p>\n<h2 style=\"text-align: justify\">Les Comptes clients<\/h2>\n<p style=\"text-align: justify\"><a href=\"https:\/\/tic.cegepat.qc.ca\/portic\/files\/2013\/03\/three_dimensional_graph_growing_sm_nwm.gif\"><img loading=\"lazy\" decoding=\"async\" class=\"size-full wp-image-234 alignleft\" alt=\"three_dimensional_graph_growing_sm_nwm\" src=\"https:\/\/tic.cegepat.qc.ca\/portic\/files\/2013\/03\/three_dimensional_graph_growing_sm_nwm.gif\" width=\"110\" height=\"110\" \/><\/a>\u00a0Les entreprises font cr\u00e9dit \u00e0 leur client dans le but d&rsquo;attirer de nouveaux client et de fid\u00e9liser les clients actuels. \u00a0Donc, le fait d&rsquo;offrir des conditions de cr\u00e9dit permet d&rsquo;augmenter les revenus de l&rsquo;entreprise.<\/p>\n<p>&nbsp;<\/p>\n<p style=\"text-align: justify\">Cependant, il faut faire attention, le but ultime de faire cr\u00e9dit est d&rsquo;augmenter les b\u00e9n\u00e9fices. \u00a0Une augmentation des ventes ne r\u00e9sulte pas automatiquement en une augmentation du b\u00e9n\u00e9fice puisqu&rsquo;il faut tenir compte des charges associ\u00e9es au fait de faire cr\u00e9dit \u00e0 ses clients. \u00a0En effet, de faire cr\u00e9dit implique n\u00e9cessairement une augmentation des charges li\u00e9es \u00e0 la gestion des comptes clients, aux mauvaises cr\u00e9ances et au recouvrement. \u00a0Il ne faut pas non plus n\u00e9gliger l&rsquo;effet n\u00e9gatif sur les liquidit\u00e9s de l&rsquo;entreprise. \u00a0Toutes ces questions sur la gestion des comptes clients seront trait\u00e9es dans votre premier cours de finance \u00e0 la 3e session. \u00a0Pour l&rsquo;instant, nous \u00e9tudierons les particularit\u00e9s du traitement comptable des comptes clients.<\/p>\n<p style=\"text-align: justify\">Les \u00e9l\u00e9ments suivants sont trait\u00e9s dans la sections des entreprises commerciales. \u00a0Leur traitement comptable diff\u00e8rent selon que l&rsquo;entreprise utilise un syst\u00e8me d&rsquo;inventaire permanent ou p\u00e9riodique. \u00a0Faites attention de choisir le traitement appropri\u00e9:<\/p>\n<ul>\n<li><span style=\"line-height: 15.994318008422852px\">Les ventes \u00e0 cr\u00e9dit<\/span><\/li>\n<li>Les Rendus et rabais sur ventes<\/li>\n<li>Les escomptes sur ventes<\/li>\n<li>Les escomptes de commerce<\/li>\n<\/ul>\n<h3>Liste chronologique des comptes clients<\/h3>\n<p>La vid\u00e9o suivante traitera d&rsquo;un outils essentiel \u00e0 la gestion des comptes clients, soit la liste chronologique des comptes clients.<\/p>\n<p>&nbsp;<\/p>\n<p>&nbsp;<\/p>\n<p>&nbsp;<\/p>\n","protected":false},"excerpt":{"rendered":"<p>Les Cr\u00e9ances<br \/>\nD\u00e9finition et types de cr\u00e9ances<br \/>\nUne cr\u00e9ance est un droit l\u00e9gal d&rsquo;obtenir un remboursement dans le futur d&rsquo;une somme par un d\u00e9biteur (personne qui doit verser la somme). \u00a0Ce droit du cr\u00e9ancier peut d\u00e9couler d&rsquo;un pr\u00eat au d\u00e9biteur. \u00a0Il s&rsquo;agit &hellip;<\/p>\n<p class=\"read-more\"> <a class=\"more-link\" href=\"https:\/\/tic.cegepat.qc.ca\/portic\/comptabilite\/les-creances\/\"> <span class=\"screen-reader-text\">Les Cr\u00e9ances<\/span> Read More &raquo;<\/a><\/p>\n","protected":false},"author":10,"featured_media":0,"parent":90,"menu_order":0,"comment_status":"open","ping_status":"closed","template":"","meta":{"footnotes":""},"class_list":["post-233","page","type-page","status-publish","hentry"],"_links":{"self":[{"href":"https:\/\/tic.cegepat.qc.ca\/portic\/wp-json\/wp\/v2\/pages\/233","targetHints":{"allow":["GET"]}}],"collection":[{"href":"https:\/\/tic.cegepat.qc.ca\/portic\/wp-json\/wp\/v2\/pages"}],"about":[{"href":"https:\/\/tic.cegepat.qc.ca\/portic\/wp-json\/wp\/v2\/types\/page"}],"author":[{"embeddable":true,"href":"https:\/\/tic.cegepat.qc.ca\/portic\/wp-json\/wp\/v2\/users\/10"}],"replies":[{"embeddable":true,"href":"https:\/\/tic.cegepat.qc.ca\/portic\/wp-json\/wp\/v2\/comments?post=233"}],"version-history":[{"count":4,"href":"https:\/\/tic.cegepat.qc.ca\/portic\/wp-json\/wp\/v2\/pages\/233\/revisions"}],"predecessor-version":[{"id":236,"href":"https:\/\/tic.cegepat.qc.ca\/portic\/wp-json\/wp\/v2\/pages\/233\/revisions\/236"}],"up":[{"embeddable":true,"href":"https:\/\/tic.cegepat.qc.ca\/portic\/wp-json\/wp\/v2\/pages\/90"}],"wp:attachment":[{"href":"https:\/\/tic.cegepat.qc.ca\/portic\/wp-json\/wp\/v2\/media?parent=233"}],"curies":[{"name":"wp","href":"https:\/\/api.w.org\/{rel}","templated":true}]}}