{"id":90,"date":"2013-02-07T10:58:18","date_gmt":"2013-02-07T15:58:18","guid":{"rendered":"http:\/\/tic.cegepat.qc.ca\/portic\/?page_id=90"},"modified":"2015-08-11T19:05:32","modified_gmt":"2015-08-12T00:05:32","slug":"comptabilite","status":"publish","type":"page","link":"https:\/\/tic.cegepat.qc.ca\/portic\/comptabilite\/","title":{"rendered":"Comptabilit\u00e9 financi\u00e8re"},"content":{"rendered":"<p><a href=\"https:\/\/tic.cegepat.qc.ca\/portic\/files\/2013\/01\/Einstein.jpg\"><img loading=\"lazy\" decoding=\"async\" class=\"size-medium wp-image-73 alignleft\" src=\"https:\/\/tic.cegepat.qc.ca\/portic\/files\/2013\/01\/Einstein-300x225.jpg\" alt=\"Einstein\" width=\"300\" height=\"225\" srcset=\"https:\/\/tic.cegepat.qc.ca\/portic\/files\/2013\/01\/Einstein-300x225.jpg 300w, https:\/\/tic.cegepat.qc.ca\/portic\/files\/2013\/01\/Einstein.jpg 500w\" sizes=\"auto, (max-width: 300px) 100vw, 300px\" \/><\/a>  La comptabilit\u00e9 est un ensemble ordonn\u00e9 de proc\u00e9dures permettant d&rsquo;enregistrer, de cumuler, de valider et d&rsquo;organiser l&rsquo;information. \u00a0Comme ce domaine d&rsquo;\u00e9tude est vaste, je l&rsquo;ai subdivis\u00e9 par sujet. \u00a0L&rsquo;information sera ainsi plus facile \u00e0 trouver.<\/p>\n<h1><\/h1>\n<h1>Sujets<\/h1>\n<p>En cliquant sur les liens suivants, vous acc\u00e9derez \u00e0 des pages sur ces sujets.<\/p>\n<h3><a title=\"R\u00e9gularisations\" href=\"https:\/\/tic.cegepat.qc.ca\/portic\/comptabilite\/regularisations\/\">R\u00e9gularisations<\/a><\/h3>\n<h3><a title=\"\u00c9critures de fermeture\" href=\"https:\/\/tic.cegepat.qc.ca\/portic\/comptabilite\/ecritures-de-fermeture\/\">\u00c9critures de fermeture<\/a><\/h3>\n<h3><a title=\"Encaisse\" href=\"https:\/\/tic.cegepat.qc.ca\/portic\/comptabilite\/encaisse\/\">Conciliation bancaire<\/a><\/h3>\n<h3><a title=\"Entreprise commerciale (Inventaire p\u00e9riodique)\" href=\"https:\/\/tic.cegepat.qc.ca\/portic\/comptabilite\/entreprise-commerciale-inventaire-periodique\/\">Entreprise commerciale (inventaire p\u00e9riodique)<\/a><\/h3>\n<h3><a title=\"Entreprise commerciale (inventaire permanent)\" href=\"https:\/\/tic.cegepat.qc.ca\/portic\/comptabilite\/entreprise-commerciale-inventaire-permanent\/\">Entreprise commerciale (inventaire permanent)<\/a><\/h3>\n<p><a title=\"Immobilisations\" href=\"https:\/\/tic.cegepat.qc.ca\/portic\/comptabilite\/immobilisations\/\">Immobilisations<\/a><\/p>\n<p><a title=\"\u00c9tats financiers\" href=\"https:\/\/tic.cegepat.qc.ca\/portic\/comptabilite\/etats-financiers\/\">\u00c9tats financiers<\/a><\/p>\n<p>&nbsp;<\/p>\n","protected":false},"excerpt":{"rendered":"<p>  La comptabilit\u00e9 est un ensemble ordonn\u00e9 de proc\u00e9dures permettant d&rsquo;enregistrer, de cumuler, de valider et d&rsquo;organiser l&rsquo;information. \u00a0Comme ce domaine d&rsquo;\u00e9tude est vaste, je l&rsquo;ai subdivis\u00e9 par sujet. \u00a0L&rsquo;information sera ainsi plus facile \u00e0 trouver.<\/p>\n<p>Sujets<br \/>\nEn cliquant sur les &hellip;<\/p>\n<p class=\"read-more\"> <a class=\"more-link\" href=\"https:\/\/tic.cegepat.qc.ca\/portic\/comptabilite\/\"> <span class=\"screen-reader-text\">Comptabilit\u00e9 financi\u00e8re<\/span> Read More &raquo;<\/a><\/p>\n","protected":false},"author":10,"featured_media":0,"parent":0,"menu_order":0,"comment_status":"open","ping_status":"closed","template":"landing-page.php","meta":{"footnotes":""},"class_list":["post-90","page","type-page","status-publish","hentry"],"_links":{"self":[{"href":"https:\/\/tic.cegepat.qc.ca\/portic\/wp-json\/wp\/v2\/pages\/90","targetHints":{"allow":["GET"]}}],"collection":[{"href":"https:\/\/tic.cegepat.qc.ca\/portic\/wp-json\/wp\/v2\/pages"}],"about":[{"href":"https:\/\/tic.cegepat.qc.ca\/portic\/wp-json\/wp\/v2\/types\/page"}],"author":[{"embeddable":true,"href":"https:\/\/tic.cegepat.qc.ca\/portic\/wp-json\/wp\/v2\/users\/10"}],"replies":[{"embeddable":true,"href":"https:\/\/tic.cegepat.qc.ca\/portic\/wp-json\/wp\/v2\/comments?post=90"}],"version-history":[{"count":6,"href":"https:\/\/tic.cegepat.qc.ca\/portic\/wp-json\/wp\/v2\/pages\/90\/revisions"}],"predecessor-version":[{"id":257,"href":"https:\/\/tic.cegepat.qc.ca\/portic\/wp-json\/wp\/v2\/pages\/90\/revisions\/257"}],"wp:attachment":[{"href":"https:\/\/tic.cegepat.qc.ca\/portic\/wp-json\/wp\/v2\/media?parent=90"}],"curies":[{"name":"wp","href":"https:\/\/api.w.org\/{rel}","templated":true}]}}