{"id":481,"date":"2014-06-16T09:41:44","date_gmt":"2014-06-16T13:41:44","guid":{"rendered":"http:\/\/tic.cegepat.qc.ca\/prevention\/?page_id=481"},"modified":"2014-06-16T12:59:37","modified_gmt":"2014-06-16T16:59:37","slug":"personnes-ressources","status":"publish","type":"page","link":"https:\/\/tic.cegepat.qc.ca\/prevention\/personnes-ressources\/","title":{"rendered":"Personnes ressources"},"content":{"rendered":"<p style=\"text-align: justify;\">Pr\u00e9nom et nom &#8211; adresse courriel, num\u00e9ro de local et poste t\u00e9l\u00e9phonique<\/p>\n<p style=\"text-align: justify;\">Pr\u00e9nom et nom &#8211; adresse courriel, num\u00e9ro de local et poste t\u00e9l\u00e9phonique<\/p>\n<p style=\"text-align: justify;\">Pr\u00e9nom et nom &#8211; adresse courriel, num\u00e9ro de local et poste t\u00e9l\u00e9phonique<\/p>\n<p style=\"text-align: justify;\">Pr\u00e9nom et nom &#8211; adresse courriel, num\u00e9ro de local et poste t\u00e9l\u00e9phonique<\/p>\n<p style=\"text-align: justify;\">Pr\u00e9nom et nom &#8211; adresse courriel, num\u00e9ro de local et poste t\u00e9l\u00e9phonique<\/p>\n<p style=\"text-align: justify;\">Pr\u00e9nom et nom &#8211; adresse courriel, num\u00e9ro de local et poste t\u00e9l\u00e9phonique<\/p>\n","protected":false},"excerpt":{"rendered":"<p>Pr\u00e9nom et nom &#8211; adresse courriel, num\u00e9ro de local et poste t\u00e9l\u00e9phonique<br \/>\nPr\u00e9nom et nom &#8211; adresse courriel, num\u00e9ro de local et poste t\u00e9l\u00e9phonique<br \/>\nPr\u00e9nom et nom &#8211; adresse courriel, num\u00e9ro de local et poste t\u00e9l\u00e9phonique<br \/>\nPr\u00e9nom et nom &#8211; adresse courriel, num\u00e9ro &hellip;<\/p>\n<p class=\"read-more\"> <a class=\"more-link\" href=\"https:\/\/tic.cegepat.qc.ca\/prevention\/personnes-ressources\/\"> <span class=\"screen-reader-text\">Personnes ressources<\/span> Read More &raquo;<\/a><\/p>\n","protected":false},"author":1,"featured_media":0,"parent":0,"menu_order":3,"comment_status":"closed","ping_status":"closed","template":"full-width-page.php","meta":{"footnotes":""},"class_list":["post-481","page","type-page","status-publish","hentry"],"_links":{"self":[{"href":"https:\/\/tic.cegepat.qc.ca\/prevention\/wp-json\/wp\/v2\/pages\/481","targetHints":{"allow":["GET"]}}],"collection":[{"href":"https:\/\/tic.cegepat.qc.ca\/prevention\/wp-json\/wp\/v2\/pages"}],"about":[{"href":"https:\/\/tic.cegepat.qc.ca\/prevention\/wp-json\/wp\/v2\/types\/page"}],"author":[{"embeddable":true,"href":"https:\/\/tic.cegepat.qc.ca\/prevention\/wp-json\/wp\/v2\/users\/1"}],"replies":[{"embeddable":true,"href":"https:\/\/tic.cegepat.qc.ca\/prevention\/wp-json\/wp\/v2\/comments?post=481"}],"version-history":[{"count":3,"href":"https:\/\/tic.cegepat.qc.ca\/prevention\/wp-json\/wp\/v2\/pages\/481\/revisions"}],"predecessor-version":[{"id":500,"href":"https:\/\/tic.cegepat.qc.ca\/prevention\/wp-json\/wp\/v2\/pages\/481\/revisions\/500"}],"wp:attachment":[{"href":"https:\/\/tic.cegepat.qc.ca\/prevention\/wp-json\/wp\/v2\/media?parent=481"}],"curies":[{"name":"wp","href":"https:\/\/api.w.org\/{rel}","templated":true}]}}