{"id":202,"date":"2011-05-25T11:11:03","date_gmt":"2011-05-25T15:11:03","guid":{"rendered":"http:\/\/tic.cegepat.qc.ca\/?page_id=202"},"modified":"2011-05-25T11:11:03","modified_gmt":"2011-05-25T15:11:03","slug":"ref","status":"publish","type":"page","link":"https:\/\/tic.cegepat.qc.ca\/ticprof\/","title":{"rendered":"*"},"content":{"rendered":"<h1>Qu&rsquo;en pensez-vous?<\/h1>\n<h1><\/h1>\n<h1><img loading=\"lazy\" decoding=\"async\" class=\"aligncenter size-full wp-image-203\" title=\"Bourrage de t\u00eate\" src=\"https:\/\/tic.cegepat.qc.ca\/ticprof\/files\/2011\/05\/Bourrage-de-t\u00eate5.jpg\" alt=\"\" width=\"460\" height=\"369\" srcset=\"https:\/\/tic.cegepat.qc.ca\/ticprof\/files\/2011\/05\/Bourrage-de-t\u00eate5.jpg 460w, https:\/\/tic.cegepat.qc.ca\/ticprof\/files\/2011\/05\/Bourrage-de-t\u00eate5-300x241.jpg 300w\" sizes=\"auto, (max-width: 460px) 100vw, 460px\" \/><\/h1>\n<h1 style=\"text-align: center\"><span style=\"color: #ff6600\">*********************************<\/span><\/h1>\n<h2><span style=\"color: #99ccff\">Vos exp\u00e9riences sur les TIC sur\u00a0ce site<\/span><\/h2>\n<blockquote><p><a href=\"http:\/\/youtu.be\/6cfah3Xt1Y4\">Tpack : un mod\u00e8le pour mieux saisir l&rsquo;int\u00e9gration des TIC en classe<\/a><\/p>\n<p><a href=\"http:\/\/youtu.be\/RPopXNhgo_A\">Un mod\u00e8le pour mieux saisir l&rsquo;int\u00e9gration des technologies en classe<\/a><\/p><\/blockquote>\n<p>Vous avez de\u00a0belles histoires \u00e0 nous raconter? Vous aimeriez partager vos exp\u00e9riences au cours de votre d\u00e9marche d&rsquo;int\u00e9gration des TIC dans un contexte p\u00e9dagogique? Nous aimerions en entendre parler. Que votre histoire soit un succ\u00e8s ph\u00e9nom\u00e9nal, une belle histoire ou une exp\u00e9rience douloureuse, j\u2019aimerais l\u2019entendre.<\/p>\n<p><em>Contactez-moi.<\/em><\/p>\n<p><a href=\"mailto:mariejoseetondreau@cegepat.qc.ca\">Marie-Jos\u00e9e Tondreau <\/a><br \/>\nConseill\u00e8re p\u00e9dagogique TIC<br \/>\n<strong><span style=\"font-family: arial black,avant garde\">T<\/span><\/strong>echnologies de l\u2019<strong><span style=\"font-family: arial black,avant garde\">i<\/span><\/strong>nformation et des <strong><span style=\"font-family: arial black,avant garde\">c<\/span><\/strong>ommunications<br \/>\nPoste 1489<\/p>\n<p>&nbsp;<\/p>\n<p>&nbsp;<\/p>\n","protected":false},"excerpt":{"rendered":"<p>Qu&rsquo;en pensez-vous?<\/p>\n<p>*********************************<br \/>\nVos exp\u00e9riences sur les TIC sur\u00a0ce site<br \/>\nTpack : un mod\u00e8le pour mieux saisir l&rsquo;int\u00e9gration des TIC en classe<br \/>\nUn mod\u00e8le pour mieux saisir l&rsquo;int\u00e9gration des technologies en classe<br \/>\nVous avez de\u00a0belles histoires \u00e0 nous raconter? Vous aimeriez partager vos exp\u00e9riences au cours de votre d\u00e9marche d&rsquo;int\u00e9gration des TIC dans un contexte p\u00e9dagogique? Nous aimerions en entendre <a href=\"https:\/\/tic.cegepat.qc.ca\/ticprof\/\" rel=\"nofollow\"><span class=\"sr-only\">En savoir plus sur*<\/span>[&hellip;]<\/a><\/p>\n","protected":false},"author":1,"featured_media":0,"parent":0,"menu_order":7,"comment_status":"open","ping_status":"open","template":"","meta":{"footnotes":""},"class_list":["post-202","page","type-page","status-publish","hentry"],"_links":{"self":[{"href":"https:\/\/tic.cegepat.qc.ca\/ticprof\/wp-json\/wp\/v2\/pages\/202","targetHints":{"allow":["GET"]}}],"collection":[{"href":"https:\/\/tic.cegepat.qc.ca\/ticprof\/wp-json\/wp\/v2\/pages"}],"about":[{"href":"https:\/\/tic.cegepat.qc.ca\/ticprof\/wp-json\/wp\/v2\/types\/page"}],"author":[{"embeddable":true,"href":"https:\/\/tic.cegepat.qc.ca\/ticprof\/wp-json\/wp\/v2\/users\/1"}],"replies":[{"embeddable":true,"href":"https:\/\/tic.cegepat.qc.ca\/ticprof\/wp-json\/wp\/v2\/comments?post=202"}],"version-history":[{"count":0,"href":"https:\/\/tic.cegepat.qc.ca\/ticprof\/wp-json\/wp\/v2\/pages\/202\/revisions"}],"wp:attachment":[{"href":"https:\/\/tic.cegepat.qc.ca\/ticprof\/wp-json\/wp\/v2\/media?parent=202"}],"curies":[{"name":"wp","href":"https:\/\/api.w.org\/{rel}","templated":true}]}}