{"id":93,"date":"2011-05-18T09:17:13","date_gmt":"2011-05-18T13:17:13","guid":{"rendered":"http:\/\/tic.cegepat.qc.ca\/?page_id=93"},"modified":"2011-05-18T09:17:13","modified_gmt":"2011-05-18T13:17:13","slug":"litteratic","status":"publish","type":"page","link":"https:\/\/tic.cegepat.qc.ca\/ticprof\/litteratic\/","title":{"rendered":"Litt\u00e9raTIC"},"content":{"rendered":"<h2><span style=\"color: #0000ff;text-decoration: underline\"><a href=\"https:\/\/tic.cegepat.qc.ca\/ticprof\/files\/2011\/05\/289855-466x500.jpg\"><img loading=\"lazy\" decoding=\"async\" class=\"aligncenter wp-image-7390 size-full\" src=\"https:\/\/tic.cegepat.qc.ca\/ticprof\/files\/2011\/05\/289855-466x500.jpg\" alt=\"289855-466x500\" width=\"900\" height=\"200\" srcset=\"https:\/\/tic.cegepat.qc.ca\/ticprof\/files\/2011\/05\/289855-466x500.jpg 900w, https:\/\/tic.cegepat.qc.ca\/ticprof\/files\/2011\/05\/289855-466x500-300x67.jpg 300w, https:\/\/tic.cegepat.qc.ca\/ticprof\/files\/2011\/05\/289855-466x500-768x171.jpg 768w\" sizes=\"auto, (max-width: 900px) 100vw, 900px\" \/><\/a><\/span><\/h2>\n<h3><span style=\"color: #993300\"><strong><span style=\"text-decoration: underline\">ProfWeb<\/span><\/strong><\/span><\/h3>\n<p><span style=\"color: #999999\">Profweb est un organisme destin\u00e9 \u00e0 la promotion de ressources num\u00e9riques en lien avec l&rsquo;enseignement et l&rsquo;apprentissage au coll\u00e9gial, et au partage de pratiques p\u00e9dagogiques inspirantes.<\/span><\/p>\n<p><span style=\"color: #999999\">Profweb est financ\u00e9 par le minist\u00e8re de l&rsquo;\u00c9ducation et de l&rsquo;Enseignement sup\u00e9rieur (MEES), qui s&rsquo;adresse \u00e0 tous les enseignants du r\u00e9seau coll\u00e9gial qu\u00e9b\u00e9cois<\/span>.<\/p>\n<h3><span style=\"color: #993300\"><strong><span style=\"text-decoration: underline\"><a style=\"color: #993300;text-decoration: underline\" href=\"http:\/\/www.profweb.qc.ca\/fr\/publications\/profwebexpresso\/abonnement\/index.html\">ProfWeb Expresso<\/a><\/span><\/strong><\/span><\/h3>\n<p style=\"text-align: justify\"><span style=\"color: #999999\">Tous les lundis, le contenu \u00e9dit\u00e9 sous la responsabilit\u00e9 de l&rsquo;\u00e9quipe d&rsquo;animation de Profweb est mis \u00e0\u00a0 jour. L\u2019objectif de l&rsquo;infolettre <strong>ProfwebExpresso <\/strong>est de pr\u00e9senter ces nouveaut\u00e9s ainsi que les contributions des partenaires TIC\u00a0 de Profweb.<\/span><\/p>\n<p style=\"text-align: justify\"><span style=\"color: #999999\">En s&rsquo;abonnant \u00e0 <strong>ProfwebExpresso<\/strong>, chaque abonn\u00e9 recevra par courriel, tous les lundis, les nouveaut\u00e9s de la semaine.<\/span><\/p>\n<p style=\"text-align: justify\"><span style=\"color: #999999\">Soulignons que cet abonnement est effectif selon le calendrier scolaire en vigueur dans le r\u00e9seau qu\u00e9b\u00e9cois d&rsquo;enseignement coll\u00e9gial.<\/span><\/p>\n<h3><span style=\"color: #993300;text-decoration: underline\"><a style=\"color: #993300\" href=\"http:\/\/www.atoutmicro.ca\/\"><span style=\"text-decoration: underline\">Atout Micro<\/span><\/a><\/span><\/h3>\n<p style=\"text-align: justify\"><span style=\"color: #999999\">Le site Web du magazine Atout Micro, d\u00e9sormais publi\u00e9 en ligne seulement, est une mine de renseignements pour les utilisateurs d\u2019ordinateur. Il propose un r\u00e9pertoire de ressources \u00e9ducatives francophones class\u00e9es par domaine de connaissances et un autre r\u00e9pertoire de quelque 750 ressources plus g\u00e9n\u00e9rales.<\/span><\/p>\n<h3><span style=\"color: #993300\"><strong><span style=\"text-decoration: underline\"><a style=\"color: #993300;text-decoration: underline\" href=\"http:\/\/www.clic.ntic.org\/cgi-bin\/aff.pl?page=accueil&amp;id=73\">Le CLIC<\/a><\/span><\/strong><\/span><\/h3>\n<p style=\"text-align: justify\"><span style=\"color: #999999\">Voici, en format \u00e9lectronique, le bulletin coll\u00e9gial des technologies de l&rsquo;information et des communications (CLIC).\u00a0Le lien vous am\u00e8nera \u00e0 la table des mati\u00e8res, vous avez seulement \u00e0 cliquer sur les liens pour lire les articles.<\/span><\/p>\n<h3><span style=\"color: #993300\"><strong><span style=\"text-decoration: underline\"><a style=\"color: #993300;text-decoration: underline\" href=\"http:\/\/www.aqpc.qc.ca\/revue-pedagogie-collegiale\">P\u00e9dagogie coll\u00e9giale<\/a><\/span><\/strong><\/span><\/h3>\n<p><span style=\"color: #999999\">La revue <em>P\u00e9dagogie coll\u00e9giale<\/em> para\u00eet habituellement quatre fois par ann\u00e9e : automne, hiver, printemps et \u00e9t\u00e9. Elle s\u2019adresse tout particuli\u00e8rement aux praticiens de la p\u00e9dagogie (cadres, enseignants, professionnels non enseignants) du r\u00e9seau coll\u00e9gial qu\u00e9b\u00e9cois ainsi qu\u2019aux p\u00e9dagogues des autres r\u00e9seaux d\u2019enseignement.<\/span><\/p>\n<h3><span style=\"color: #993300\"><strong><span style=\"text-decoration: underline\"><a style=\"color: #993300;text-decoration: underline\" href=\"http:\/\/www.ccdmd.qc.ca\/correspo\/\">Correspondance<\/a><\/span><\/strong><\/span><\/h3>\n<p style=\"text-align: justify\"><span style=\"color: #999999\">Les bulletin Correspondance est publi\u00e9 trois fois par ann\u00e9e et la version imprim\u00e9e est distribu\u00e9e gratuitement dans les c\u00e9geps. Il est consacr\u00e9 \u00e0 l&rsquo;am\u00e9lioration du fran\u00e7ais dans le r\u00e9seau coll\u00e9gial. Correspondance se veut un lieu d&rsquo;\u00e9change privil\u00e9gi\u00e9, un espace de \u00ab\u00a0communication r\u00e9ciproque\u00a0\u00bb, de \u00ab\u00a0correspondance\u00a0\u00bb pour tous ceux et celles qui se pr\u00e9occupent de l&rsquo;am\u00e9lioration du fran\u00e7ais dans le r\u00e9seau coll\u00e9gial.<\/span><\/p>\n<h3><span style=\"color: #993300\"><strong><span style=\"text-decoration: underline\"><a style=\"color: #993300;text-decoration: underline\" href=\"http:\/\/ticetsociete.revues.org\/\">TIC&amp;soci\u00e8t\u00e9<\/a><\/span><\/strong><\/span><\/h3>\n<p style=\"text-align: justify\"><span style=\"color: #999999\">Succ\u00e9dant \u00e0 la revue TIS, tic&amp;soci\u00e9t\u00e9 est consacr\u00e9e \u00e0 l\u2019analyse des rapports entre les technologies de l\u2019information et de la communication (TIC) et la soci\u00e9t\u00e9. Elle sollicite les textes dans lesquels l\u2019analyse accordera une place centrale au social. Mais elle d\u00e9veloppe aussi un espace multidisciplinaire. C\u2019est pourquoi elle s&rsquo;int\u00e9resse non seulement aux approches sociologiques mais \u00e9galement aux approches socio-\u00e9conomiques, sociopolitiques, sociocognitives, etc. Les contributions peuvent \u00eatre soit \u00e0 dominante th\u00e9orique, soit avoir un contenu principalement descriptif tout en comprenant dans ce deuxi\u00e8me cas une dimension analytique li\u00e9e \u00e0 un cadre th\u00e9orique.<\/span><\/p>\n<h3 style=\"text-align: left\"><span style=\"color: #993300\"><strong><span style=\"text-decoration: underline\"><a style=\"color: #993300;text-decoration: underline\" href=\"http:\/\/www.erudit.org\/revue\/rse\/2002\/v28\/n2\/007353ar.html\">Revue des sciences de l&rsquo;\u00e9ducation<\/a><\/span><\/strong><\/span><\/h3>\n<p style=\"text-align: justify\"><span style=\"color: #999999\">La Revue des sciences de l\u2019\u00e9ducation est l\u2019entreprise commune des facult\u00e9s, d\u00e9partements, instituts et \u00e9coles universitaires francophones du Canada. Mise sur pied en 1974 par l\u2019Association francophone des doyennes et doyens, de directrices et directeurs d\u2019\u00e9ducation du Canada, elle a pour but la diffusion des r\u00e9sultats de la recherche en sciences de l\u2019\u00e9ducation. Elle accueille un large \u00e9ventail de disciplines li\u00e9es au domaine de l\u2019\u00e9ducation et publie des textes qui contribuent \u00e0 l\u2019avancement des connaissances et \u00e0 la r\u00e9flexion critique.<\/span><\/p>\n<h3 style=\"text-align: left\"><span style=\"color: #993300\"><strong><span style=\"text-decoration: underline\"><a style=\"color: #993300;text-decoration: underline\" href=\"http:\/\/www.infobourg.com\/\">L\u2019Infobourg, l\u2019agence de presse p\u00e9dagogique<\/a><\/span><\/strong><\/span><\/h3>\n<p style=\"text-align: justify\"><span style=\"color: #999999\">L\u2019Infobourg est l\u2019agence de presse p\u00e9dagogique pour le Canada et l\u2019Europe francophone, un m\u00e9dia d\u2019actualit\u00e9 en \u00e9ducation dont la mission est de faire valoir les initiatives p\u00e9dagogiques visant la r\u00e9ussite et l\u2019excellence, particuli\u00e8rement \u00e0 l\u2019aide des technologies. Les lecteurs peuvent s\u2019abonner au bulletin d\u2019information hebdomadaire.<\/span><\/p>\n<h3 style=\"text-align: left\"><span style=\"color: #993300\"><strong><span style=\"text-decoration: underline\"><a style=\"color: #993300;text-decoration: underline\" href=\"http:\/\/www.cafepedagogique.net\/lexpresso\/Pages\/2010\/05\/26052010Accueil.aspx\">Le caf\u00e9 p\u00e9dagogique<\/a><\/span><\/strong><\/span><\/h3>\n<p style=\"text-align: justify\"><span style=\"color: #999999\">Le Caf\u00e9 p\u00e9dagogique est un organe d\u2019information et de r\u00e9flexion sur l\u2019enseignement et l\u2019\u00e9ducation. Chaque jour, il publie l\u2019Expresso, un flash d\u2019information. Une fois par mois, il \u00e9dite aussi un bulletin d\u2019analyses et un dossier th\u00e9matique sur les grands enjeux du monde scolaire europ\u00e9en.<\/span><\/p>\n<h3><span style=\"color: #993300\"><strong>\u00a0<span style=\"text-decoration: underline\"><a style=\"color: #993300\" href=\"http:\/\/www.cefrio.qc.ca\/publications\/\"><span style=\"text-decoration: underline\">CEFRIO<\/span><\/a><\/span><\/strong><\/span><\/h3>\n<p style=\"text-align: justify\"><span style=\"color: #999999\">Dans une optique de toujours fournir une information de pointe en mati\u00e8re de technologies de l&rsquo;information et d&rsquo;aider ainsi les d\u00e9cideurs \u00e0 effectuer de meilleurs choix, le CEFRIO r\u00e9alise annuellement plusieurs publications. Ces derni\u00e8res prennent diverses formes, allant des faits saillants d&rsquo;une enqu\u00eate au magazine destin\u00e9 aux dirigeants d\u00e9sireux d&rsquo;adopter des solutions technologiques qui aideront leur entreprise \u00e0 mieux performer et \u00e0 se d\u00e9marquer en passant par des rapports d\u00e9voilant les principales conclusions d&rsquo;un projet ou encore des bulletins de veille strat\u00e9gique dans les champs d&rsquo;action du CEFRIO.<\/span><\/p>\n<p style=\"text-align: justify\">\n<p style=\"text-align: justify\">\n<p>\/\/ <\/p>\n","protected":false},"excerpt":{"rendered":"<p>ProfWeb<br \/>\nProfweb est un organisme destin\u00e9 \u00e0 la promotion de ressources num\u00e9riques en lien avec l&rsquo;enseignement et l&rsquo;apprentissage au coll\u00e9gial, et au partage de pratiques p\u00e9dagogiques inspirantes.<br \/>\nProfweb est financ\u00e9 par le minist\u00e8re de l&rsquo;\u00c9ducation et de l&rsquo;Enseignement sup\u00e9rieur (MEES), qui s&rsquo;adresse \u00e0 tous les enseignants du r\u00e9seau coll\u00e9gial qu\u00e9b\u00e9cois.<br \/>\nProfWeb Expresso<br \/>\nTous les lundis, le contenu \u00e9dit\u00e9 sous <a href=\"https:\/\/tic.cegepat.qc.ca\/ticprof\/litteratic\/\" rel=\"nofollow\"><span class=\"sr-only\">En savoir plus surLitt\u00e9raTIC<\/span>[&hellip;]<\/a><\/p>\n","protected":false},"author":1,"featured_media":0,"parent":0,"menu_order":5,"comment_status":"open","ping_status":"open","template":"","meta":{"footnotes":""},"class_list":["post-93","page","type-page","status-publish","hentry"],"_links":{"self":[{"href":"https:\/\/tic.cegepat.qc.ca\/ticprof\/wp-json\/wp\/v2\/pages\/93","targetHints":{"allow":["GET"]}}],"collection":[{"href":"https:\/\/tic.cegepat.qc.ca\/ticprof\/wp-json\/wp\/v2\/pages"}],"about":[{"href":"https:\/\/tic.cegepat.qc.ca\/ticprof\/wp-json\/wp\/v2\/types\/page"}],"author":[{"embeddable":true,"href":"https:\/\/tic.cegepat.qc.ca\/ticprof\/wp-json\/wp\/v2\/users\/1"}],"replies":[{"embeddable":true,"href":"https:\/\/tic.cegepat.qc.ca\/ticprof\/wp-json\/wp\/v2\/comments?post=93"}],"version-history":[{"count":0,"href":"https:\/\/tic.cegepat.qc.ca\/ticprof\/wp-json\/wp\/v2\/pages\/93\/revisions"}],"wp:attachment":[{"href":"https:\/\/tic.cegepat.qc.ca\/ticprof\/wp-json\/wp\/v2\/media?parent=93"}],"curies":[{"name":"wp","href":"https:\/\/api.w.org\/{rel}","templated":true}]}}